{"id":9504,"date":"2010-11-03T21:09:13","date_gmt":"2010-11-03T20:09:13","guid":{"rendered":"http:\/\/konsumpf.de\/?page_id=9504"},"modified":"2024-06-09T08:54:11","modified_gmt":"2024-06-09T06:54:11","slug":"best-of","status":"publish","type":"page","link":"https:\/\/konsumpf.de\/?page_id=9504","title":{"rendered":"Best of"},"content":{"rendered":"<p><img loading=\"lazy\" decoding=\"async\" src=\"http:\/\/vg07.met.vgwort.de\/na\/c2f2c3fb1a5e449ab1e68a7ae8be4866\" alt=\"\" width=\"1\" height=\"1\" \/><br \/>\n<img loading=\"lazy\" decoding=\"async\" class=\"alignright size-thumbnail wp-image-9716\" title=\"moritz_frei_mcdonalds_cocacola\" src=\"http:\/\/konsumpf.de\/wp-content\/uploads\/2010\/11\/moritz_frei_mcdonalds_cocacola1-244x249.jpg\" alt=\"\" width=\"223\" height=\"227\" srcset=\"https:\/\/konsumpf.de\/wp-content\/uploads\/2010\/11\/moritz_frei_mcdonalds_cocacola1-244x249.jpg 244w, https:\/\/konsumpf.de\/wp-content\/uploads\/2010\/11\/moritz_frei_mcdonalds_cocacola1.jpg 281w\" sizes=\"(max-width: 223px) 100vw, 223px\" \/>Mein <strong>Konsumpf-Blog<\/strong> besteht nun schon seit Oktober 2008, also seit fast vier Jahren. Praktisch t\u00e4glich habe ich einen Beitrag ver\u00f6ffentlicht, so dass sich im Laufe der Zeit eine f\u00fcr den Neueinsteiger vermutlich durchaus erschlagende F\u00fclle an Texten angesammelt hat. Manches von dem, was ich in der Vergangenheit schrieb, war zudem eher tagesaktuell zu verstehen (so wie Fernseh- oder Radiotipps oder Aufrufe f\u00fcr Onlinepetitionen u.\u00e4.), einiges ist vielleicht auch so einfach nicht mehr wirklich aktuell, beispielsweise weil es in dem Themenbereich Entwicklungen (zum Positiven wie zum Negativen) gegeben hat. Um also den Lesern ein wenig Orientierung zu geben m\u00f6chte ich auf dieser \u201e<strong>Best of<\/strong> \/ <strong>Kernthesen<\/strong>\u201c-Seite (zus\u00e4tzlich zur <a href=\"http:\/\/konsumpf.de\/?page_id=2421\"><strong>Wissensbasis<\/strong><\/a>, auf der ich vor allem auch auf viele Links zu Texten au\u00dferhalb meines Blogs hinweise) eine subjektive Auswahl der Artikel aus meiner Feder bieten, die meines Erachtens auch \u00fcber den Tag hinaus G\u00fcltigkeit haben bzw. eben grundlegende Missst\u00e4nde behandeln \u2013 oder die sich besonders gut als Startpunkt f\u00fcr eigene Recherchen und eigenes Nachdenken eignen. Wie bei besagter Wissensbasis-Seite will ich die Beitr\u00e4ge in dieser \u00dcbersicht ein wenig thematisch gliedern, um den Lesern die Orientierung noch weiter zu erleichtern. Auf jeden Fall sind unten aufgef\u00fchrte Texte nur eine kleine Auswahl der lesenswerten Artikel hier im Blog \u2013 es gibt nat\u00fcrlich noch zu vielen anderen Themen was zu entdecken (z.B. \u00fcber die Suchfunktion).<\/p>\n<p><strong>Reklame:<br \/>\n<\/strong>Meine erste grundlegende Artikelreihe war \u201e<strong>Werbung schadet<\/strong>\u201c (ist noch nicht abgeschlossen, sondern liegt derzeit nur auf Eis), in der ich die vielen Probleme mit und Nachteile von Reklame seziere:<\/p>\n<ul>\n<li><a href=\"http:\/\/konsumpf.de\/?p=1921\">Werbung schadet (1): Die Versaubeutelung der Sprache<\/a><\/li>\n<li><a href=\"http:\/\/konsumpf.de\/?p=2044\">Werbung schadet (2): Die untrennbare Vermischung von Reklame und Redaktionellem<\/a><\/li>\n<li><a href=\"http:\/\/konsumpf.de\/?p=2975\">Werbung schadet (2b): Medienmanipulation durch Werbeentzug<\/a><\/li>\n<li><a href=\"http:\/\/konsumpf.de\/?p=2191\">Werbung schadet (3): Ressourcenverschwendung<\/a><\/li>\n<li><a href=\"http:\/\/konsumpf.de\/?p=3355\">Werbung schadet (4): Die Verschandelung des \u00f6ffentlichen Raums und die Durchkommerzialisierung des Alltags<\/a><\/li>\n<li><a href=\"http:\/\/konsumpf.de\/?p=12188\">Werbung schadet: Manipulierte Jugendliche<\/a><\/li>\n<\/ul>\n<p>In meiner unregelm\u00e4\u00dfigen Reihe \u201e<strong>Werbung gegen Realit\u00e4t<\/strong>\u201c habe ich mich im Laufe der Jahre damit besch\u00e4ftigt, das schillernde Reklameimage, das uns die Konzerne in ihrer Werbung vorgaukeln mit der Wirklichkeit zu konfrontieren. Nat\u00fcrlich finden sich \u00e4hnliche Gedanken auch noch in diversen anderen meiner Artikeln au\u00dferhalb dieser Reihe.<\/p>\n<ul>\n<li><a href=\"http:\/\/konsumpf.de\/?p=778\">Werbung gegen Realit\u00e4t<\/a><\/li>\n<li><a href=\"http:\/\/konsumpf.de\/?p=948\">Werbung gegen Realit\u00e4t, Teil 2: Capri Sonne<\/a><\/li>\n<li><a href=\"http:\/\/konsumpf.de\/?p=988\">Werbung gegen Realit\u00e4t, Teil 3: McDoof<\/a><\/li>\n<li><a href=\"http:\/\/konsumpf.de\/?p=1029\">Werbung gegen Realit\u00e4t, Teil 4: H&amp;M<\/a><\/li>\n<li><a href=\"http:\/\/konsumpf.de\/?p=1273\">Werbung gegen Realit\u00e4t, Teil 5: Vattenfall<\/a><\/li>\n<li><a href=\"http:\/\/konsumpf.de\/?p=1337\">Werbung gegen Realit\u00e4t, Teil 6: Die Deutsche Post<\/a><\/li>\n<li><a href=\"http:\/\/konsumpf.de\/?p=1304\">Werbung gegen Realit\u00e4t, Teil 7: Cola light<\/a><\/li>\n<li><a href=\"http:\/\/konsumpf.de\/?p=1608\">Werbung gegen Realit\u00e4t, Teil 8: RWE<\/a><\/li>\n<li><a href=\"http:\/\/konsumpf.de\/?p=2121\">Werbung gegen Realit\u00e4t, Teil 9: AWD<\/a><\/li>\n<li><a href=\"http:\/\/konsumpf.de\/?p=2563\">Werbung gegen Realit\u00e4t, Teil 10: Zucker (vs. Stevia) und die Zucker-Mafia<\/a><\/li>\n<li><a href=\"http:\/\/konsumpf.de\/?p=1877\">Werbung gegen Realit\u00e4t, Teil 11: Katzen w\u00fcrden (kein) Whiskas kaufen<\/a><\/li>\n<li><a href=\"http:\/\/konsumpf.de\/?p=3977\">Werbung gegen Realit\u00e4t, Teil 12: Yogurette<\/a><\/li>\n<li><a href=\"http:\/\/konsumpf.de\/?p=6014\">Werbung gegen Realit\u00e4t, Teil 13: Das M\u00e4rchen vom \u00d6ko-Image<\/a><\/li>\n<li><a href=\"http:\/\/konsumpf.de\/?p=7029\">Werbung gegen Realit\u00e4t, Teil 14: Dem Hamburger auf der Spur (McDonald&#8217;s)<\/a><\/li>\n<\/ul>\n<p>Weitere Artikel \u00fcber Reklame:<\/p>\n<ul>\n<li><a href=\"http:\/\/konsumpf.de\/?p=3512\">Was ist mit Werbung nicht in Ordnung? Teil 1<\/a><\/li>\n<li><a href=\"http:\/\/konsumpf.de\/?p=7607\">Was ist mit Werbung nicht in Ordnung? Teil 2 \u2013 Einmischen\/Eindringen<\/a><\/li>\n<li><a href=\"http:\/\/konsumpf.de\/?p=5791\">\u201eReklame \u2013 Die Pest der Kommerzgesellschaft\u201c<\/a><\/li>\n<li>Werbung am Rande der Apokalypse <a href=\"http:\/\/konsumpf.de\/?p=13638\">Teil 1<\/a>, <a href=\"http:\/\/konsumpf.de\/?p=13686\">Teil 2<\/a>, <a href=\"http:\/\/konsumpf.de\/?p=13703\">Teil 3<\/a>, <a href=\"http:\/\/konsumpf.de\/?p=13733\">Teil 4<\/a>, <a href=\"http:\/\/konsumpf.de\/?p=13769\">Teil 5<\/a><\/li>\n<li><a href=\"http:\/\/konsumpf.de\/?p=3448\">Wie der Druck durch Werbung die freie Presse korrumpieren kann Teil 1<\/a> und <a href=\"http:\/\/konsumpf.de\/?p=4815\">Teil 2<\/a><\/li>\n<li><a href=\"http:\/\/konsumpf.de\/?p=6754\">Wie man sich gegen Reklame, PR und andere Propaganda zur Wehr setzt Teil 1<\/a> und <a href=\"http:\/\/konsumpf.de\/?p=6798\">Teil 2<\/a><\/li>\n<li><a href=\"http:\/\/konsumpf.de\/?p=6827\">\u201eWerbung ist Krieg\u201c<\/a><\/li>\n<\/ul>\n<p><strong>Kommerzialisierung\/Konsum:<\/strong><\/p>\n<ul>\n<li><a href=\"http:\/\/konsumpf.de\/?p=3372\">The Culture of Commercialism \u2013 Die kommerzialisierte Kultur<\/a><\/li>\n<li><a href=\"http:\/\/konsumpf.de\/?p=3100\">Sollte Shoppen patriotische B\u00fcrgerpflicht sein? Teil 1<\/a> und <a href=\"http:\/\/konsumpf.de\/?p=5062\">Teil 2<\/a><\/li>\n<li><a href=\"http:\/\/konsumpf.de\/?p=5763\">Mumpitz Marke<\/a><\/li>\n<li><a href=\"http:\/\/konsumpf.de\/?p=6696\">Politischer Konsum?<\/a><\/li>\n<\/ul>\n<p><strong>Culture Jamming \/ Adbusting:<\/strong><\/p>\n<ul>\n<li><a href=\"http:\/\/konsumpf.de\/?p=2238\">Was ist eigentlich Culture Jamming? Und was soll Adbusting?<\/a><\/li>\n<li><a href=\"http:\/\/konsumpf.de\/?p=7491\">Adbusting: Der Axt-Faktor<\/a><\/li>\n<li><a href=\"http:\/\/konsumpf.de\/?p=4006\">Jamming the Ad Culture<\/a><\/li>\n<li><a href=\"http:\/\/konsumpf.de\/?p=8595\">Billboard Liberation Manifest<\/a><\/li>\n<li><a href=\"http:\/\/konsumpf.de\/?p=8708\">Surftipp: Packard Jennings\u2019 Pocket Survival Guide und weitere Ideen f\u00fcr Aktivisten<\/a><\/li>\n<li><a href=\"http:\/\/konsumpf.de\/?p=7395\">10 Strategien f\u00fcr den Info-Aktivismus<\/a><\/li>\n<li><a href=\"http:\/\/konsumpf.de\/?p=7765\">Adbusting \/ Markenhacken<\/a><\/li>\n<li><a href=\"http:\/\/konsumpf.de\/?p=1072\">Adbusting an Tankstellen und in London<\/a><\/li>\n<li><a href=\"http:\/\/konsumpf.de\/?p=5518\">Dichtung und Wahrheit: McDonald&#8217;s-Adbusting in Kiel<\/a><\/li>\n<li><a href=\"http:\/\/konsumpf.de\/?p=5550\">Wahlplakat-Remixe: NPD-Version<\/a><\/li>\n<li><a href=\"http:\/\/konsumpf.de\/?p=645\">Adbusting in Berlin<\/a><\/li>\n<li><a href=\"http:\/\/konsumpf.de\/?p=6337\">Subversive Aktionen \u2013 Adventures in Medialand (SUV\/Gel\u00e4ndewagen)<\/a><\/li>\n<li><a href=\"http:\/\/konsumpf.de\/?p=6571\">K\u00e4ufer aufgepasst!<\/a><\/li>\n<\/ul>\n<p><strong>Konzernkritik:<\/strong><\/p>\n<ul>\n<li><a href=\"http:\/\/konsumpf.de\/?p=2353\">Lidl\/Aldi\/Discounter: Profite auf Kosten der Allgemeinheit, oder: Die Spirale abw\u00e4rts \u2013 Teil 1<\/a> und <a href=\"http:\/\/konsumpf.de\/?p=2766\">Teil 2<\/a><\/li>\n<li><a href=\"http:\/\/konsumpf.de\/?p=2837\">Discounter-Angebote: G\u00fcnstig hat seinen Preis (Aldi, Lidl &amp; Co.)<\/a><\/li>\n<li><a href=\"http:\/\/konsumpf.de\/?p=9039\">Aldi informiert &#8230; mal etwas anders \u2013 und Aldi droht mit Klage<\/a><\/li>\n<li><a href=\"http:\/\/konsumpf.de\/?p=4467\">Ausbeutung in Deutschland: \u201eSystem Schlecker\u201c muss geknackt werden<\/a><\/li>\n<li><a href=\"http:\/\/konsumpf.de\/?p=5348\">So \u201esozial\u201c ist Schlecker<\/a><\/li>\n<li><a href=\"http:\/\/konsumpf.de\/?p=6437\">Schlecker XL \u2013 So funktionieren Kapitalismus und Ausbeutung<\/a><\/li>\n<li><a href=\"http:\/\/konsumpf.de\/?p=5856\">Wie teuer ist billig? kik \u2013 die Hintergr\u00fcnde und Folgen<\/a><\/li>\n<li><a href=\"http:\/\/konsumpf.de\/?p=463\">Das Bertelsmann-Imperium<\/a><\/li>\n<li><a href=\"..\/?p=1492\">Bertelsmann und die Bertelsmann-Stiftung \u2013 die schleichende Untergrabung der Demokratie<\/a><\/li>\n<li><a href=\"http:\/\/konsumpf.de\/?p=8008\">BP \u2013 Seid doch froh, dass wir keine Atomkraftwerke bauen!<\/a><\/li>\n<li><a href=\"http:\/\/konsumpf.de\/?p=7693\">BP \u2013 Der gr\u00fcne Lack ist ab<\/a><\/li>\n<li><a href=\"http:\/\/konsumpf.de\/?p=5409\">Deutsche Universit\u00e4ten beginnen, sich gegen den Einfluss von Bertelsmann zu wehren<\/a><\/li>\n<li><a href=\"http:\/\/konsumpf.de\/?p=4379\">Nichts geht ohne Coca-Cola<\/a><\/li>\n<li><a href=\"http:\/\/konsumpf.de\/?p=6527\">Coca Cola \u2013 s\u00fc\u00df wie Blut<\/a><\/li>\n<li><a href=\"http:\/\/konsumpf.de\/?p=1263\">Deutsche Bank \u2013 Leistung, die Leiden schafft<\/a><\/li>\n<li><a href=\"http:\/\/konsumpf.de\/?p=4550\">Die Doppelmoral der Deutschen Bank<\/a><\/li>\n<li><a href=\"http:\/\/konsumpf.de\/?p=971\">MediaMarkt &amp; Saturn \u2013 die zweieiigen Zwillinge<\/a><\/li>\n<li><a href=\"http:\/\/konsumpf.de\/?p=6955\">Saure und schale M\u00fcllermilch<\/a><\/li>\n<li><a href=\"http:\/\/konsumpf.de\/?p=569\">Nestl\u00e9 \u2013 Die Krake von Vevey<\/a><\/li>\n<li><a href=\"http:\/\/konsumpf.de\/?p=7813\">Shell und die Verbrechen an den Menschen in Nigeria<\/a><\/li>\n<li><a href=\"http:\/\/konsumpf.de\/?p=6092\">An der Kette. Wie gro\u00dfe Buchketten\u00a0 wie Thalia den Buchmarkt zerst\u00f6ren<\/a><\/li>\n<li><a href=\"http:\/\/konsumpf.de\/?p=6535\">Volvic \u2013 Alles nur Augenwischerei?<\/a><\/li>\n<\/ul>\n<p><strong>Wirtschaftssystem\/Geldsystem\/Wachstumskritik:<\/strong><\/p>\n<ul>\n<li><a href=\"..\/?p=556\">NewScientist: Wie unser Wirtschaftssystem die Erde t\u00f6tet<\/a><\/li>\n<li><a href=\"http:\/\/konsumpf.de\/?p=1410\">The Story of Stuff \u2013 Die Produktionskette und ihre Hintergr\u00fcnde<\/a><\/li>\n<li><a href=\"http:\/\/konsumpf.de\/?p=1644\">Herman Daly: Ein Wirtschaftssystem des langfristigen Gleichgewichts (Steady-State-\u00d6konomie)<\/a><\/li>\n<li><a href=\"http:\/\/konsumpf.de\/?p=1787\">David Korten: Beyond the Bailout \u2013 Agenda f\u00fcr eine neue Wirtschaft<\/a><\/li>\n<li>\u201e<a href=\"http:\/\/konsumpf.de\/?p=1045\">Das System steckt nicht in einer Krise \u2013 die Krise ist das System, Teil 1<\/a>\u201c und \u201e<a href=\"http:\/\/konsumpf.de\/?p=1386\">Teil 2<\/a>\u201c<\/li>\n<li><a href=\"http:\/\/konsumpf.de\/?p=1554\">Kurvendiagramm, dein Wille geschehe \u2013 Gedanken zur Lehre der Wirtschafts\u201ewissenschaften\u201c<\/a><\/li>\n<li><a href=\"http:\/\/konsumpf.de\/?p=5780\">Gastbeitrag: Suffizienz \u2013 wieviel ist dir genug?<\/a><\/li>\n<li><a href=\"http:\/\/konsumpf.de\/?p=5624\">F\u00fcr eine \u00d6konomie jenseits des Wachstums<\/a><\/li>\n<li><a href=\"http:\/\/konsumpf.de\/?p=5983\">Vermessung der Utopie<\/a><\/li>\n<li><a href=\"http:\/\/konsumpf.de\/?p=6070\">Die Geschichte des Geldes<\/a><\/li>\n<\/ul>\n<p><strong>Medien:<\/strong><\/p>\n<ul>\n<li><a href=\"http:\/\/konsumpf.de\/?p=5239\">Mainstreammedien, Meinungsmache, Manipulation<\/a><\/li>\n<li><a href=\"http:\/\/konsumpf.de\/?p=5029\">Versendete Werte \u2013 Das Privatfernsehen<\/a><\/li>\n<li><a href=\"http:\/\/konsumpf.de\/?p=7444\">Adblocking<\/a><\/li>\n<\/ul>\n<p><strong>Gentechnik\/Biopiraterie:<\/strong><\/p>\n<ul>\n<li><a href=\"http:\/\/konsumpf.de\/?p=657\">Genmanipulation \u2013 Folgen und Gefahren \u2013 Bayer &amp; Monsanto<\/a><\/li>\n<li><a href=\"http:\/\/konsumpf.de\/?p=3490\">Stoppt die Biopiraten<\/a><\/li>\n<\/ul>\n<p><strong>Ern\u00e4hrung\/Vegetarismus:<\/strong><\/p>\n<ul>\n<li><a href=\"http:\/\/konsumpf.de\/?p=8639\">Tiere essen<\/a><\/li>\n<li><a href=\"http:\/\/konsumpf.de\/?p=7878\">Das Preis ist billig, aber das Fleisch ist schwach<\/a><\/li>\n<li><a href=\"http:\/\/konsumpf.de\/?p=2399\">Unser t\u00e4glich Brot<\/a><\/li>\n<li><a href=\"http:\/\/konsumpf.de\/?p=7177\">Industrieschokolade und Schokoguerilla<\/a><\/li>\n<\/ul>\n<p><strong>Atomkraft, Wirtschaft allgemein, Politik etc.:<\/strong><\/p>\n<ul>\n<li><a href=\"http:\/\/konsumpf.de\/?p=2416\">Die L\u00fcge vom billigen Atomstrom<\/a><\/li>\n<li><a href=\"http:\/\/konsumpf.de\/?p=8523\">Warum das Trinken von Wasser aus Plastikflaschen Unsinn ist<\/a><\/li>\n<li><a href=\"http:\/\/konsumpf.de\/?p=4583\">Gef\u00e4hrliche PET-Flaschen<\/a><\/li>\n<li><a href=\"http:\/\/konsumpf.de\/?p=5917\">Erfolgreicher Kampf gegen die Wasserflaschen<\/a><\/li>\n<li><a href=\"http:\/\/konsumpf.de\/?p=6059\">Banken bankrottieren!<\/a><\/li>\n<li><a href=\"http:\/\/konsumpf.de\/?p=14037\">Die Riestersche \u201eJahrhundertreform\u201c<\/a><\/li>\n<li><a href=\"http:\/\/konsumpf.de\/?p=7945\">Fu\u00dfball-WM: Sponsoren in der Kritik<\/a><\/li>\n<li><a href=\"http:\/\/konsumpf.de\/?p=7700\">Lobbyisten gegen Verbraucher<\/a><\/li>\n<li><a href=\"http:\/\/konsumpf.de\/?p=4933\">Die Herrschaft der Beliebigkeit \u2013 eine Demokratiekritik<\/a><\/li>\n<li><a href=\"http:\/\/konsumpf.de\/?p=1435\">Panopti \u2013 Die sch\u00f6ne neue Welt der \u00dcberwachung<\/a><\/li>\n<li><a href=\"http:\/\/konsumpf.de\/?p=5530\">Statistik \u2013 Kniffe und Tricks<\/a><\/li>\n<li><a href=\"..\/?p=6330\">Propheten und Moneten \u2013 Wie wir uns durch Prognosen manipulieren lassen<\/a><\/li>\n<li><a href=\"http:\/\/konsumpf.de\/?p=6263\">Der Autowahn \u2013 Todesfalle A1<\/a><\/li>\n<li><a href=\"http:\/\/konsumpf.de\/?p=9722\">Obama-Land ist abgebrannt \u2013 Zustand einer Supermacht<\/a><\/li>\n<li><a href=\"http:\/\/konsumpf.de\/?p=7579\">\u00d6l, das stinkende Gold<\/a><\/li>\n<li><a href=\"http:\/\/konsumpf.de\/?p=7217\">L.A. Law \u2013 Wie Hollywood unser Rechtssystem formt Teil 1<\/a> und <a href=\"http:\/\/konsumpf.de\/?p=7250\">Teil 2<\/a><\/li>\n<\/ul>\n<p><strong>Buchbesprechungen<\/strong> (Auswahl)<strong>:<\/strong><\/p>\n<ul>\n<li><a href=\"..\/?p=1713\">Neil Borman \u201eGood-bye Logo. Wie ich lernte, ohne Marken zu leben\u201c<\/a><\/li>\n<li><a href=\"..\/?p=1283\">Franz Kotteder \u201eDie Billig-L\u00fcge. Die Tricks und Machenschaften der Discounter\u201d<\/a><\/li>\n<li><a href=\"..\/?p=8930\">Dirk Kurbjuweit \u201eUnser effizientes Leben\u201c<\/a><\/li>\n<li><a href=\"..\/?p=4743\">Kalle Lasn \u201eCulture Jamming. Das Manifest der Anti-Werbung\u201c<\/a><\/li>\n<li><a href=\"..\/?p=3591\">Robert W. McChesney, John Nichols \u201eUnsere Medien? Demokratie und Medienkonzerne in den USA\u201c<\/a><\/li>\n<li><a href=\"http:\/\/konsumpf.de\/?p=4926\">Kembrew McLeod \u201eFreedom of Expression\u00ae\u201c<\/a><\/li>\n<li><a href=\"..\/?p=3103\">John Stauber &amp; Sheldon Rampton \u201eGiftm\u00fcll macht schlank. Die Wahrheit \u00fcber die Public-Relation-Industrie\u201c<\/a><\/li>\n<li><a href=\"..\/?p=4878\">Horst Stowasser \u201eAnarchie!\u201c<\/a><\/li>\n<li><a href=\"..\/?p=336\">Klaus Werner \/ Hans Weiss \u201eDas neue Schwarzbuch Markenfirmen\u201c<\/a><\/li>\n<li><a href=\"..\/?p=323\">Jean Ziegler \u201eDas Imperium der Schande\u201c<\/a><\/li>\n<li><a href=\"..\/?p=5442\">\u201eNestl\u00e9 \u2013 Anatomie eines Weltkonzerns\u201c<\/a><\/li>\n<\/ul>\n<p><strong>Aktionen, sinnvolle Initiativen und Alternativen:<\/strong><\/p>\n<ul>\n<li><a href=\"http:\/\/konsumpf.de\/?p=5961\">Gutes aus dem Netz<\/a><\/li>\n<li><a href=\"http:\/\/konsumpf.de\/?p=6748\">Der Kattendorfer Hof<\/a><\/li>\n<li><a href=\"http:\/\/konsumpf.de\/?p=7592\">Guerilla-Gardening \u2013 Der Untergrund lebt<\/a><\/li>\n<li><a href=\"http:\/\/konsumpf.de\/?p=7840\">KnowMore.org: Das S\u00fcndenregister der Konzerne<\/a><\/li>\n<\/ul>\n<p><strong>Offene Briefe:<\/strong><\/p>\n<ul>\n<li><a href=\"http:\/\/konsumpf.de\/?p=3517\">Sehr geehrter Herr Kerner<\/a><\/li>\n<li><a href=\"http:\/\/konsumpf.de\/?p=6607\">Offener Brief an die H\u00f6rZu<\/a><\/li>\n<\/ul>\n<h3 class='related_post_title'>Verwandte Beitr\u00e4ge:<\/h3><ul class='related_post'><li>Keine verwandten Beitr\u00e4ge<\/li><\/ul>","protected":false},"excerpt":{"rendered":"<p>Mein Konsumpf-Blog besteht nun schon seit Oktober 2008, also seit fast vier Jahren. Praktisch t\u00e4glich habe ich einen Beitrag ver\u00f6ffentlicht, so dass sich im Laufe der Zeit eine f\u00fcr den Neueinsteiger vermutlich durchaus erschlagende F\u00fclle an Texten angesammelt hat. Manches von dem, was ich in der Vergangenheit schrieb, war zudem eher tagesaktuell zu verstehen (so [&hellip;]<\/p>\n","protected":false},"author":1,"featured_media":0,"parent":0,"menu_order":5,"comment_status":"closed","ping_status":"open","template":"","meta":{"footnotes":""},"yoast_head":"<!-- This site is optimized with the Yoast SEO plugin v24.4 - https:\/\/yoast.com\/wordpress\/plugins\/seo\/ -->\n<title>Best of - Konsumpf - Forum f\u00fcr kreative Konsumkritik - Culture Jamming, Nachhaltigkeit, Konzernkritik, Adbusting<\/title>\n<meta name=\"robots\" content=\"index, follow, max-snippet:-1, max-image-preview:large, max-video-preview:-1\" \/>\n<link rel=\"canonical\" href=\"https:\/\/konsumpf.de\/?page_id=9504\" \/>\n<meta property=\"og:locale\" content=\"de_DE\" \/>\n<meta property=\"og:type\" content=\"article\" \/>\n<meta property=\"og:title\" content=\"Best of - Konsumpf - Forum f\u00fcr kreative Konsumkritik - Culture Jamming, Nachhaltigkeit, Konzernkritik, Adbusting\" \/>\n<meta property=\"og:description\" content=\"Mein Konsumpf-Blog besteht nun schon seit Oktober 2008, also seit fast vier Jahren. Praktisch t\u00e4glich habe ich einen Beitrag ver\u00f6ffentlicht, so dass sich im Laufe der Zeit eine f\u00fcr den Neueinsteiger vermutlich durchaus erschlagende F\u00fclle an Texten angesammelt hat. Manches von dem, was ich in der Vergangenheit schrieb, war zudem eher tagesaktuell zu verstehen (so [&hellip;]\" \/>\n<meta property=\"og:url\" content=\"https:\/\/konsumpf.de\/?page_id=9504\" \/>\n<meta property=\"og:site_name\" content=\"Konsumpf - Forum f\u00fcr kreative Konsumkritik - Culture Jamming, Nachhaltigkeit, Konzernkritik, Adbusting\" \/>\n<meta property=\"article:modified_time\" content=\"2024-06-09T06:54:11+00:00\" \/>\n<meta property=\"og:image\" content=\"http:\/\/vg07.met.vgwort.de\/na\/c2f2c3fb1a5e449ab1e68a7ae8be4866\" \/>\n<meta name=\"twitter:card\" content=\"summary_large_image\" \/>\n<meta name=\"twitter:label1\" content=\"Gesch\u00e4tzte Lesezeit\" \/>\n\t<meta name=\"twitter:data1\" content=\"7\u00a0Minuten\" \/>\n<script type=\"application\/ld+json\" class=\"yoast-schema-graph\">{\"@context\":\"https:\/\/schema.org\",\"@graph\":[{\"@type\":\"WebPage\",\"@id\":\"https:\/\/konsumpf.de\/?page_id=9504\",\"url\":\"https:\/\/konsumpf.de\/?page_id=9504\",\"name\":\"Best of - Konsumpf - Forum f\u00fcr kreative Konsumkritik - Culture Jamming, Nachhaltigkeit, Konzernkritik, Adbusting\",\"isPartOf\":{\"@id\":\"https:\/\/konsumpf.de\/#website\"},\"primaryImageOfPage\":{\"@id\":\"https:\/\/konsumpf.de\/?page_id=9504#primaryimage\"},\"image\":{\"@id\":\"https:\/\/konsumpf.de\/?page_id=9504#primaryimage\"},\"thumbnailUrl\":\"http:\/\/vg07.met.vgwort.de\/na\/c2f2c3fb1a5e449ab1e68a7ae8be4866\",\"datePublished\":\"2010-11-03T20:09:13+00:00\",\"dateModified\":\"2024-06-09T06:54:11+00:00\",\"breadcrumb\":{\"@id\":\"https:\/\/konsumpf.de\/?page_id=9504#breadcrumb\"},\"inLanguage\":\"de\",\"potentialAction\":[{\"@type\":\"ReadAction\",\"target\":[\"https:\/\/konsumpf.de\/?page_id=9504\"]}]},{\"@type\":\"ImageObject\",\"inLanguage\":\"de\",\"@id\":\"https:\/\/konsumpf.de\/?page_id=9504#primaryimage\",\"url\":\"http:\/\/vg07.met.vgwort.de\/na\/c2f2c3fb1a5e449ab1e68a7ae8be4866\",\"contentUrl\":\"http:\/\/vg07.met.vgwort.de\/na\/c2f2c3fb1a5e449ab1e68a7ae8be4866\"},{\"@type\":\"BreadcrumbList\",\"@id\":\"https:\/\/konsumpf.de\/?page_id=9504#breadcrumb\",\"itemListElement\":[{\"@type\":\"ListItem\",\"position\":1,\"name\":\"Startseite\",\"item\":\"https:\/\/konsumpf.de\/\"},{\"@type\":\"ListItem\",\"position\":2,\"name\":\"Best of\"}]},{\"@type\":\"WebSite\",\"@id\":\"https:\/\/konsumpf.de\/#website\",\"url\":\"https:\/\/konsumpf.de\/\",\"name\":\"Konsumpf - Forum f\u00fcr kreative Konsumkritik - Culture Jamming, Nachhaltigkeit, Konzernkritik, Adbusting\",\"description\":\"\",\"potentialAction\":[{\"@type\":\"SearchAction\",\"target\":{\"@type\":\"EntryPoint\",\"urlTemplate\":\"https:\/\/konsumpf.de\/?s={search_term_string}\"},\"query-input\":{\"@type\":\"PropertyValueSpecification\",\"valueRequired\":true,\"valueName\":\"search_term_string\"}}],\"inLanguage\":\"de\"}]}<\/script>\n<!-- \/ Yoast SEO plugin. -->","yoast_head_json":{"title":"Best of - Konsumpf - Forum f\u00fcr kreative Konsumkritik - Culture Jamming, Nachhaltigkeit, Konzernkritik, Adbusting","robots":{"index":"index","follow":"follow","max-snippet":"max-snippet:-1","max-image-preview":"max-image-preview:large","max-video-preview":"max-video-preview:-1"},"canonical":"https:\/\/konsumpf.de\/?page_id=9504","og_locale":"de_DE","og_type":"article","og_title":"Best of - Konsumpf - Forum f\u00fcr kreative Konsumkritik - Culture Jamming, Nachhaltigkeit, Konzernkritik, Adbusting","og_description":"Mein Konsumpf-Blog besteht nun schon seit Oktober 2008, also seit fast vier Jahren. Praktisch t\u00e4glich habe ich einen Beitrag ver\u00f6ffentlicht, so dass sich im Laufe der Zeit eine f\u00fcr den Neueinsteiger vermutlich durchaus erschlagende F\u00fclle an Texten angesammelt hat. Manches von dem, was ich in der Vergangenheit schrieb, war zudem eher tagesaktuell zu verstehen (so [&hellip;]","og_url":"https:\/\/konsumpf.de\/?page_id=9504","og_site_name":"Konsumpf - Forum f\u00fcr kreative Konsumkritik - Culture Jamming, Nachhaltigkeit, Konzernkritik, Adbusting","article_modified_time":"2024-06-09T06:54:11+00:00","og_image":[{"url":"http:\/\/vg07.met.vgwort.de\/na\/c2f2c3fb1a5e449ab1e68a7ae8be4866","type":"","width":"","height":""}],"twitter_card":"summary_large_image","twitter_misc":{"Gesch\u00e4tzte Lesezeit":"7\u00a0Minuten"},"schema":{"@context":"https:\/\/schema.org","@graph":[{"@type":"WebPage","@id":"https:\/\/konsumpf.de\/?page_id=9504","url":"https:\/\/konsumpf.de\/?page_id=9504","name":"Best of - Konsumpf - Forum f\u00fcr kreative Konsumkritik - Culture Jamming, Nachhaltigkeit, Konzernkritik, Adbusting","isPartOf":{"@id":"https:\/\/konsumpf.de\/#website"},"primaryImageOfPage":{"@id":"https:\/\/konsumpf.de\/?page_id=9504#primaryimage"},"image":{"@id":"https:\/\/konsumpf.de\/?page_id=9504#primaryimage"},"thumbnailUrl":"http:\/\/vg07.met.vgwort.de\/na\/c2f2c3fb1a5e449ab1e68a7ae8be4866","datePublished":"2010-11-03T20:09:13+00:00","dateModified":"2024-06-09T06:54:11+00:00","breadcrumb":{"@id":"https:\/\/konsumpf.de\/?page_id=9504#breadcrumb"},"inLanguage":"de","potentialAction":[{"@type":"ReadAction","target":["https:\/\/konsumpf.de\/?page_id=9504"]}]},{"@type":"ImageObject","inLanguage":"de","@id":"https:\/\/konsumpf.de\/?page_id=9504#primaryimage","url":"http:\/\/vg07.met.vgwort.de\/na\/c2f2c3fb1a5e449ab1e68a7ae8be4866","contentUrl":"http:\/\/vg07.met.vgwort.de\/na\/c2f2c3fb1a5e449ab1e68a7ae8be4866"},{"@type":"BreadcrumbList","@id":"https:\/\/konsumpf.de\/?page_id=9504#breadcrumb","itemListElement":[{"@type":"ListItem","position":1,"name":"Startseite","item":"https:\/\/konsumpf.de\/"},{"@type":"ListItem","position":2,"name":"Best of"}]},{"@type":"WebSite","@id":"https:\/\/konsumpf.de\/#website","url":"https:\/\/konsumpf.de\/","name":"Konsumpf - Forum f\u00fcr kreative Konsumkritik - Culture Jamming, Nachhaltigkeit, Konzernkritik, Adbusting","description":"","potentialAction":[{"@type":"SearchAction","target":{"@type":"EntryPoint","urlTemplate":"https:\/\/konsumpf.de\/?s={search_term_string}"},"query-input":{"@type":"PropertyValueSpecification","valueRequired":true,"valueName":"search_term_string"}}],"inLanguage":"de"}]}},"_links":{"self":[{"href":"https:\/\/konsumpf.de\/index.php?rest_route=\/wp\/v2\/pages\/9504"}],"collection":[{"href":"https:\/\/konsumpf.de\/index.php?rest_route=\/wp\/v2\/pages"}],"about":[{"href":"https:\/\/konsumpf.de\/index.php?rest_route=\/wp\/v2\/types\/page"}],"author":[{"embeddable":true,"href":"https:\/\/konsumpf.de\/index.php?rest_route=\/wp\/v2\/users\/1"}],"replies":[{"embeddable":true,"href":"https:\/\/konsumpf.de\/index.php?rest_route=%2Fwp%2Fv2%2Fcomments&post=9504"}],"version-history":[{"count":110,"href":"https:\/\/konsumpf.de\/index.php?rest_route=\/wp\/v2\/pages\/9504\/revisions"}],"predecessor-version":[{"id":15590,"href":"https:\/\/konsumpf.de\/index.php?rest_route=\/wp\/v2\/pages\/9504\/revisions\/15590"}],"wp:attachment":[{"href":"https:\/\/konsumpf.de\/index.php?rest_route=%2Fwp%2Fv2%2Fmedia&parent=9504"}],"curies":[{"name":"wp","href":"https:\/\/api.w.org\/{rel}","templated":true}]}}