{"id":7777,"date":"2010-05-24T10:56:16","date_gmt":"2010-05-24T08:56:16","guid":{"rendered":"http:\/\/konsumpf.de\/?page_id=7777"},"modified":"2025-08-01T20:06:10","modified_gmt":"2025-08-01T18:06:10","slug":"konsumkritik","status":"publish","type":"page","link":"https:\/\/konsumpf.de\/?page_id=7777","title":{"rendered":"Konsumkritik"},"content":{"rendered":"<p>Eine \u00dcberflussgesellschaft, die von Verschwendung und Markenh\u00f6rigkeit lebt, und damit auf Kosten der Umwelt, der Gesellschaft und gro\u00dfer Teile der restlichen Welt, sprich unsere Form des Wirtschaftens und Konsumierens, hat keine Zukunft. Aus diesem Grund ist ein Umdenken unabdingbar und unausweichlich \u2013 <strong>Konsum<\/strong> muss vom einzelnen zum einen als ein politischer Akt gesehen werden, d.h., er muss ich \u00fcberlegen, welche Firmenpolitik, welchen Konzern, welche Marktmachtstruktur er mit seinem Geld t\u00e4glich unterst\u00fctzt und finanziert. Und zum anderen kann unser Konsumniveau generell nicht als nachhaltig bezeichnet werden, es muss also auch eine Entkopplung von Konsum und Wohlbefinden stattfinden. Dies st\u00fcnde in direktem Widerspruch zu dem, was uns die Reklameindustrie permenent mit ihren Botschaften einzubl\u00e4uen versucht \u2013 \u201ekauf unser Produkt und dein Leben wird toll und einzigartig!\u201c. Tats\u00e4chlich sind Marken und ihre Images nur eine hohle Fassade und es ist nicht \u201ecool\u201c, sich zum Modesklaven der Unternehmen zu machen. (Hier kann ich die Lekt\u00fcre von B\u00fcchern wie <a href=\"http:\/\/www.naomiklein.org\/no-logo\">Naomi Kleins \u201eNo Logo\u201c<\/a> oder <a href=\"http:\/\/konsumpf.de\/?p=1713\">Neil Boormans \u201eGood-bye Logo\u201c<\/a> w\u00e4rmstens empfehlen!) Bewusstes, zur\u00fcckhaltendes und sozial vertr\u00e4gliches Konsumieren ist die Zukunft. Nat\u00fcrlich dreht sich mein Blog ohnehin sehr stark um das Thema Konsumkritik, aber ich m\u00f6chte einige besonders wichtige und interessante Artikel auf dieser Seite extra auff\u00fchren.<\/p>\n<ul>\n<li><span style=\"color: #000080;\">Frank M\u00fcller<\/span> \u201e<a href=\"http:\/\/www.literaturkritik.de\/public\/rezension.php?rez_id=8561\">Mumpitz Marke<\/a>\u201c (literaturkritik.de)<\/li>\n<li><span style=\"color: #000080;\">Neil Boorman<\/span> \u201e<a href=\"http:\/\/www.brand-aid.info\/site\/\">The good consumer<\/a>\u201c (Video)<\/li>\n<li><span style=\"color: #000080;\">Wolfgang Neef<\/span> \u201e<a href=\"http:\/\/www.taz.de\/1\/debatte\/kommentar\/artikel\/1\/glueck-vom-konsum-abkoppeln\/\">Gl\u00fcck vom Konsum abkoppeln<\/a>\u201c (taz 2008)<\/li>\n<li><span style=\"color: #000080;\">Christian Leder<\/span> \u201e<a href=\"http:\/\/soziologie.ch\/sozmag\/sozmag-2\/sexy-ware\">Sexy Ware: Wie aktuell ist Konsumkritik?<\/a>\u201c (Soziologie.ch)<\/li>\n<li>\u201e<a href=\"http:\/\/konsum-los.de\/warum\/weltlich\">Warum?! Weltlich<\/a>\u201c (Konsum-los-Blog)<\/li>\n<li>\u201e<a href=\"http:\/\/konsumpf.de\/?p=3372\">The culture of commercialism<\/a>\u201c  (Center for the Study of Commercialism)<\/li>\n<li>\u201e<a href=\"http:\/\/www.greenpeace-magazin.de\/index.php?id=2-09\">Ex und  hopp. Wie unsere Wegwerfgesellschaft gedankenlos Ressourcen verschwendet<\/a>\u201c  (Greenpeace Magazin 02\/2009)<\/li>\n<li>\u201e<a href=\"http:\/\/www.dradio.de\/dlf\/programmtipp\/dasfeature\/836645\/\">Kommunikationsguerilla gegen Konsumkultur<\/a>\u201c (Deutschlandradio)<\/li>\n<li>\u201e<a href=\"http:\/\/www.reflect-online.org\/magazin\/archiv\/ausgabe-14\/konsumkritik\/\">Konsumkritik: Die Axt am Pfeiler des Kapitalismus<\/a>\u201c (Chris Methman, reflect!)<\/li>\n<li>\u201e<a href=\"http:\/\/pressetext.de\/news\/091014003\/historiker-grenzen-des-konsums-erreicht\/\">Historiker: Grenze des Konsums erreicht<\/a>\u201c (pressetext.de)<\/li>\n<li>\u201e<a href=\"http:\/\/konsumpf.de\/?p=6696\">Politischer Konsum?<\/a>\u201c (Konsumpf)<\/li>\n<li>\u201e<a href=\"http:\/\/konsumpf.de\/?p=6112\">Buchbesprechung: Meschnig &amp; Stuhr \u201aAlles \u00fcber Konsum\u2018<\/a>\u201c (Konsumpf)<\/li>\n<li>\u201e<a href=\"http:\/\/konsumpf.de\/?p=10796\">Kaufen f\u00fcr die M\u00fcllhalde<\/a>\u201c (Konsumpf \u2013 Artikel + Doku von Arte \u2013 <a href=\"http:\/\/www.facebook.com\/KaufenfuerdieMuellhalde\">Facebookseite des Projekts<\/a>)<\/li>\n<li>\u201e<a href=\"http:\/\/www.wir-klimaretter.de\/content\/view\/4847\/70\/\">Konsum hat sich seit 1960 versechsfacht<\/a>\u201c (wirklimaretter)<\/li>\n<li>\u201e<a href=\"http:\/\/www.dradio.de\/dkultur\/sendungen\/kritik\/1092451\/\">Ich kaufe, also bin ich<\/a>\u201c (Deutschlandradio)<\/li>\n<li>\u201e<a href=\"http:\/\/konsumpf.de\/?p=3100\">Sollte Shoppen patriotische B\u00fcrgerpflicht sein?<\/a>\u201c (Konsumpf\/BBC)<\/li>\n<li>\u201e<a href=\"http:\/\/video.google.com\/videoplay?docid=-2424094437905122368#\">Surplus oder Konsumterror<\/a>\u201c (Google Video)<\/li>\n<li>\u201e<a href=\"http:\/\/www.derknauserer.at\/\">Der Knauserer<\/a>\u201c<\/li>\n<\/ul>\n<p><a href=\"http:\/\/konsumpf.de\/wp-content\/uploads\/2010\/05\/bnd06_manilla.jpg\"><img loading=\"lazy\" decoding=\"async\" class=\"aligncenter size-full wp-image-7794\" title=\"bnd06_manilla\" src=\"http:\/\/konsumpf.de\/wp-content\/uploads\/2010\/05\/bnd06_manilla.jpg\" alt=\"bnd06_manilla\" width=\"394\" height=\"252\" srcset=\"https:\/\/konsumpf.de\/wp-content\/uploads\/2010\/05\/bnd06_manilla.jpg 550w, https:\/\/konsumpf.de\/wp-content\/uploads\/2010\/05\/bnd06_manilla-300x192.jpg 300w\" sizes=\"(max-width: 394px) 100vw, 394px\" \/><\/a><br \/>\n<img loading=\"lazy\" decoding=\"async\" src=\"http:\/\/vg07.met.vgwort.de\/na\/4024a37cd9864289bf351783b7d0967b\" alt=\"\" width=\"1\" height=\"1\" \/><\/p>\n<h3 class='related_post_title'>Verwandte Beitr\u00e4ge:<\/h3><ul class='related_post'><li>Keine verwandten Beitr\u00e4ge<\/li><\/ul>","protected":false},"excerpt":{"rendered":"<p>Eine \u00dcberflussgesellschaft, die von Verschwendung und Markenh\u00f6rigkeit lebt, und damit auf Kosten der Umwelt, der Gesellschaft und gro\u00dfer Teile der restlichen Welt, sprich unsere Form des Wirtschaftens und Konsumierens, hat keine Zukunft. Aus diesem Grund ist ein Umdenken unabdingbar und unausweichlich \u2013 Konsum muss vom einzelnen zum einen als ein politischer Akt gesehen werden, d.h., [&hellip;]<\/p>\n","protected":false},"author":1,"featured_media":0,"parent":2421,"menu_order":0,"comment_status":"closed","ping_status":"open","template":"","meta":{"footnotes":""},"yoast_head":"<!-- This site is optimized with the Yoast SEO plugin v24.4 - https:\/\/yoast.com\/wordpress\/plugins\/seo\/ -->\n<title>Konsumkritik - Konsumpf - Forum f\u00fcr kreative Konsumkritik - Culture Jamming, Nachhaltigkeit, Konzernkritik, Adbusting<\/title>\n<meta name=\"robots\" content=\"index, follow, max-snippet:-1, max-image-preview:large, max-video-preview:-1\" \/>\n<link rel=\"canonical\" href=\"https:\/\/konsumpf.de\/?page_id=7777\" \/>\n<meta property=\"og:locale\" content=\"de_DE\" \/>\n<meta property=\"og:type\" content=\"article\" \/>\n<meta property=\"og:title\" content=\"Konsumkritik - Konsumpf - Forum f\u00fcr kreative Konsumkritik - Culture Jamming, Nachhaltigkeit, Konzernkritik, Adbusting\" \/>\n<meta property=\"og:description\" content=\"Eine \u00dcberflussgesellschaft, die von Verschwendung und Markenh\u00f6rigkeit lebt, und damit auf Kosten der Umwelt, der Gesellschaft und gro\u00dfer Teile der restlichen Welt, sprich unsere Form des Wirtschaftens und Konsumierens, hat keine Zukunft. Aus diesem Grund ist ein Umdenken unabdingbar und unausweichlich \u2013 Konsum muss vom einzelnen zum einen als ein politischer Akt gesehen werden, d.h., [&hellip;]\" \/>\n<meta property=\"og:url\" content=\"https:\/\/konsumpf.de\/?page_id=7777\" \/>\n<meta property=\"og:site_name\" content=\"Konsumpf - Forum f\u00fcr kreative Konsumkritik - Culture Jamming, Nachhaltigkeit, Konzernkritik, Adbusting\" \/>\n<meta property=\"article:modified_time\" content=\"2025-08-01T18:06:10+00:00\" \/>\n<meta property=\"og:image\" content=\"https:\/\/konsumpf.de\/wp-content\/uploads\/2010\/05\/bnd06_manilla.jpg\" \/>\n\t<meta property=\"og:image:width\" content=\"550\" \/>\n\t<meta property=\"og:image:height\" content=\"352\" \/>\n\t<meta property=\"og:image:type\" content=\"image\/jpeg\" \/>\n<meta name=\"twitter:card\" content=\"summary_large_image\" \/>\n<meta name=\"twitter:label1\" content=\"Gesch\u00e4tzte Lesezeit\" \/>\n\t<meta name=\"twitter:data1\" content=\"3\u00a0Minuten\" \/>\n<script type=\"application\/ld+json\" class=\"yoast-schema-graph\">{\"@context\":\"https:\/\/schema.org\",\"@graph\":[{\"@type\":\"WebPage\",\"@id\":\"https:\/\/konsumpf.de\/?page_id=7777\",\"url\":\"https:\/\/konsumpf.de\/?page_id=7777\",\"name\":\"Konsumkritik - Konsumpf - Forum f\u00fcr kreative Konsumkritik - Culture Jamming, Nachhaltigkeit, Konzernkritik, Adbusting\",\"isPartOf\":{\"@id\":\"https:\/\/konsumpf.de\/#website\"},\"primaryImageOfPage\":{\"@id\":\"https:\/\/konsumpf.de\/?page_id=7777#primaryimage\"},\"image\":{\"@id\":\"https:\/\/konsumpf.de\/?page_id=7777#primaryimage\"},\"thumbnailUrl\":\"http:\/\/konsumpf.de\/wp-content\/uploads\/2010\/05\/bnd06_manilla.jpg\",\"datePublished\":\"2010-05-24T08:56:16+00:00\",\"dateModified\":\"2025-08-01T18:06:10+00:00\",\"breadcrumb\":{\"@id\":\"https:\/\/konsumpf.de\/?page_id=7777#breadcrumb\"},\"inLanguage\":\"de\",\"potentialAction\":[{\"@type\":\"ReadAction\",\"target\":[\"https:\/\/konsumpf.de\/?page_id=7777\"]}]},{\"@type\":\"ImageObject\",\"inLanguage\":\"de\",\"@id\":\"https:\/\/konsumpf.de\/?page_id=7777#primaryimage\",\"url\":\"https:\/\/konsumpf.de\/wp-content\/uploads\/2010\/05\/bnd06_manilla.jpg\",\"contentUrl\":\"https:\/\/konsumpf.de\/wp-content\/uploads\/2010\/05\/bnd06_manilla.jpg\",\"width\":\"550\",\"height\":\"352\"},{\"@type\":\"BreadcrumbList\",\"@id\":\"https:\/\/konsumpf.de\/?page_id=7777#breadcrumb\",\"itemListElement\":[{\"@type\":\"ListItem\",\"position\":1,\"name\":\"Startseite\",\"item\":\"https:\/\/konsumpf.de\/\"},{\"@type\":\"ListItem\",\"position\":2,\"name\":\"Wissensbasis\",\"item\":\"https:\/\/konsumpf.de\/?page_id=2421\"},{\"@type\":\"ListItem\",\"position\":3,\"name\":\"Konsumkritik\"}]},{\"@type\":\"WebSite\",\"@id\":\"https:\/\/konsumpf.de\/#website\",\"url\":\"https:\/\/konsumpf.de\/\",\"name\":\"Konsumpf - Forum f\u00fcr kreative Konsumkritik - Culture Jamming, Nachhaltigkeit, Konzernkritik, Adbusting\",\"description\":\"\",\"potentialAction\":[{\"@type\":\"SearchAction\",\"target\":{\"@type\":\"EntryPoint\",\"urlTemplate\":\"https:\/\/konsumpf.de\/?s={search_term_string}\"},\"query-input\":{\"@type\":\"PropertyValueSpecification\",\"valueRequired\":true,\"valueName\":\"search_term_string\"}}],\"inLanguage\":\"de\"}]}<\/script>\n<!-- \/ Yoast SEO plugin. -->","yoast_head_json":{"title":"Konsumkritik - Konsumpf - Forum f\u00fcr kreative Konsumkritik - Culture Jamming, Nachhaltigkeit, Konzernkritik, Adbusting","robots":{"index":"index","follow":"follow","max-snippet":"max-snippet:-1","max-image-preview":"max-image-preview:large","max-video-preview":"max-video-preview:-1"},"canonical":"https:\/\/konsumpf.de\/?page_id=7777","og_locale":"de_DE","og_type":"article","og_title":"Konsumkritik - Konsumpf - Forum f\u00fcr kreative Konsumkritik - Culture Jamming, Nachhaltigkeit, Konzernkritik, Adbusting","og_description":"Eine \u00dcberflussgesellschaft, die von Verschwendung und Markenh\u00f6rigkeit lebt, und damit auf Kosten der Umwelt, der Gesellschaft und gro\u00dfer Teile der restlichen Welt, sprich unsere Form des Wirtschaftens und Konsumierens, hat keine Zukunft. Aus diesem Grund ist ein Umdenken unabdingbar und unausweichlich \u2013 Konsum muss vom einzelnen zum einen als ein politischer Akt gesehen werden, d.h., [&hellip;]","og_url":"https:\/\/konsumpf.de\/?page_id=7777","og_site_name":"Konsumpf - Forum f\u00fcr kreative Konsumkritik - Culture Jamming, Nachhaltigkeit, Konzernkritik, Adbusting","article_modified_time":"2025-08-01T18:06:10+00:00","og_image":[{"width":550,"height":352,"url":"https:\/\/konsumpf.de\/wp-content\/uploads\/2010\/05\/bnd06_manilla.jpg","type":"image\/jpeg"}],"twitter_card":"summary_large_image","twitter_misc":{"Gesch\u00e4tzte Lesezeit":"3\u00a0Minuten"},"schema":{"@context":"https:\/\/schema.org","@graph":[{"@type":"WebPage","@id":"https:\/\/konsumpf.de\/?page_id=7777","url":"https:\/\/konsumpf.de\/?page_id=7777","name":"Konsumkritik - Konsumpf - Forum f\u00fcr kreative Konsumkritik - Culture Jamming, Nachhaltigkeit, Konzernkritik, Adbusting","isPartOf":{"@id":"https:\/\/konsumpf.de\/#website"},"primaryImageOfPage":{"@id":"https:\/\/konsumpf.de\/?page_id=7777#primaryimage"},"image":{"@id":"https:\/\/konsumpf.de\/?page_id=7777#primaryimage"},"thumbnailUrl":"http:\/\/konsumpf.de\/wp-content\/uploads\/2010\/05\/bnd06_manilla.jpg","datePublished":"2010-05-24T08:56:16+00:00","dateModified":"2025-08-01T18:06:10+00:00","breadcrumb":{"@id":"https:\/\/konsumpf.de\/?page_id=7777#breadcrumb"},"inLanguage":"de","potentialAction":[{"@type":"ReadAction","target":["https:\/\/konsumpf.de\/?page_id=7777"]}]},{"@type":"ImageObject","inLanguage":"de","@id":"https:\/\/konsumpf.de\/?page_id=7777#primaryimage","url":"https:\/\/konsumpf.de\/wp-content\/uploads\/2010\/05\/bnd06_manilla.jpg","contentUrl":"https:\/\/konsumpf.de\/wp-content\/uploads\/2010\/05\/bnd06_manilla.jpg","width":"550","height":"352"},{"@type":"BreadcrumbList","@id":"https:\/\/konsumpf.de\/?page_id=7777#breadcrumb","itemListElement":[{"@type":"ListItem","position":1,"name":"Startseite","item":"https:\/\/konsumpf.de\/"},{"@type":"ListItem","position":2,"name":"Wissensbasis","item":"https:\/\/konsumpf.de\/?page_id=2421"},{"@type":"ListItem","position":3,"name":"Konsumkritik"}]},{"@type":"WebSite","@id":"https:\/\/konsumpf.de\/#website","url":"https:\/\/konsumpf.de\/","name":"Konsumpf - Forum f\u00fcr kreative Konsumkritik - Culture Jamming, Nachhaltigkeit, Konzernkritik, Adbusting","description":"","potentialAction":[{"@type":"SearchAction","target":{"@type":"EntryPoint","urlTemplate":"https:\/\/konsumpf.de\/?s={search_term_string}"},"query-input":{"@type":"PropertyValueSpecification","valueRequired":true,"valueName":"search_term_string"}}],"inLanguage":"de"}]}},"_links":{"self":[{"href":"https:\/\/konsumpf.de\/index.php?rest_route=\/wp\/v2\/pages\/7777"}],"collection":[{"href":"https:\/\/konsumpf.de\/index.php?rest_route=\/wp\/v2\/pages"}],"about":[{"href":"https:\/\/konsumpf.de\/index.php?rest_route=\/wp\/v2\/types\/page"}],"author":[{"embeddable":true,"href":"https:\/\/konsumpf.de\/index.php?rest_route=\/wp\/v2\/users\/1"}],"replies":[{"embeddable":true,"href":"https:\/\/konsumpf.de\/index.php?rest_route=%2Fwp%2Fv2%2Fcomments&post=7777"}],"version-history":[{"count":24,"href":"https:\/\/konsumpf.de\/index.php?rest_route=\/wp\/v2\/pages\/7777\/revisions"}],"predecessor-version":[{"id":15587,"href":"https:\/\/konsumpf.de\/index.php?rest_route=\/wp\/v2\/pages\/7777\/revisions\/15587"}],"up":[{"embeddable":true,"href":"https:\/\/konsumpf.de\/index.php?rest_route=\/wp\/v2\/pages\/2421"}],"wp:attachment":[{"href":"https:\/\/konsumpf.de\/index.php?rest_route=%2Fwp%2Fv2%2Fmedia&parent=7777"}],"curies":[{"name":"wp","href":"https:\/\/api.w.org\/{rel}","templated":true}]}}