{"id":4,"date":"2008-10-10T15:02:46","date_gmt":"2008-10-10T14:02:46","guid":{"rendered":"http:\/\/konsumpf.de\/?page_id=2"},"modified":"2012-07-23T16:40:53","modified_gmt":"2012-07-23T14:40:53","slug":"about-2","status":"publish","type":"page","link":"https:\/\/konsumpf.de\/?page_id=4","title":{"rendered":"Worum geht&#8217;s?"},"content":{"rendered":"<p><img loading=\"lazy\" decoding=\"async\" src=\"http:\/\/vg07.met.vgwort.de\/na\/a2f928ee034c4128ba8e0dff30e7bf7b\" alt=\"\" width=\"1\" height=\"1\" \/><br \/>\nWir leben heute in einer Gesellschaft, die sowohl von permanentem Wachstumsglauben, aber auch vom Glauben an den Segen des Konsums durchdrungen ist. Begleitet werden wir dabei auf Schritt und Tritt von Werbung f\u00fcr Produkte und Marken, von s\u00fcndhaft teuren, einschleimenden Imagekampagnen, die aus zerst\u00f6rerischen Gro\u00dfunternehmen harmlose Klimasch\u00fctzer machen sollen. Wir sind umgeben von Zeitschriften und anderen Medien, in denen die Trennlinie zwischen (redaktioneller) Information, gekaufter Meinung, Produktplacement und direkter Reklame immer schwerer auszumachen ist. \u00d6ffentlicher Raum wird immer mehr, immer unverhohlener von Konzernen und Markenfetischen beansprucht, <strong>Kommerzialisierung<\/strong> durchzieht bald all unsere Lebensbereiche \u2013 Einkaufszentren werden zu den neuen Mittelpunkten des \u00f6ffentlichen Lebens.<\/p>\n<p>In Nordamerika, das uns in dieser Beziehung immer schon ein bis zwei Jahrzehnte voraus war, erlebt man erschreckende Entwicklungen, die deutlich machen, dass Reklame &amp; Marketing nicht nur nervig und st\u00f6rend sind, sondern einen massiven Eingriff in unsere Gesellschaft darstellen. Das geht \u00fcber die blo\u00dfe \u00dcberrepr\u00e4sentation gro\u00dfer Marken und Logos weit hinaus &#8211; unerreichbare Sch\u00f6nheitsideale werden produziert, latente Unzufriedenheit der Menschen mit ihrem Leben gesch\u00fcrt und Kaufen (und Schulden machen) als Weg zum Gl\u00fcck propagiert. Nat\u00fcrlich l\u00e4uft niemand, der irgendwo einen Werbespot sieht, sofort los und kauft das entsprechende Produkt, aber das Gift wirkt schleichend und gerade deshalb so gut, weil wir alle gerne glauben, dass Reklame UNS ja nun wirklich nicht beeinflusst. (Dies wird im sehr empfehlenswerten Buch <a href=\"http:\/\/www.ullsteinbuchverlage.de\/ullsteintb\/buch.php?id=12819&amp;page=buchaz&amp;sort=autor&amp;auswahl=A&amp;pagenum=1\" target=\"_blank\">\u201eGood bye logo\u201d von Neil Boorman<\/a> treffend beschrieben.)<\/p>\n<p><a href=\"http:\/\/konsumpf.de\/wp-content\/uploads\/2008\/10\/hm-hager-mager.jpg\"><img loading=\"lazy\" decoding=\"async\" class=\"aligncenter size-medium wp-image-359\" title=\"hm-hager-mager\" src=\"http:\/\/konsumpf.de\/wp-content\/uploads\/2008\/10\/hm-hager-mager-300x240.jpg\" alt=\"\" width=\"335\" height=\"268\" \/><\/a><\/p>\n<p>In den USA sehen wir zudem, dass die zunehmende Marktmacht der gro\u00dfen Konzerne auch die Demokratie und Meinungsfreiheit beeintr\u00e4chtigt. Weltbekannt wurde bereits 1998 der <a href=\"http:\/\/chronicle.augusta.com\/stories\/040398\/opi_046-7689.shtml\" target=\"_blank\">Fall eines Sch\u00fclers der Greenbrier High School, der am \u201eCoke Day\u201d an seiner Schule ein Pepsi-T-Shirt trug und deshalb an dem Tag von der Schule verwiesen wurde<\/a>. Genauso bedenklich: an einer von Coca Cola gesponsorten Universit\u00e4t wollte eine Studentengruppe eine Informationsveranstaltung \u00fcber die schlimmen Bedingungen, unter denen Arbeiter dieser Firma in Lateinamerika zum Teil t\u00e4tig sind, abhalten, doch die Verwaltung wollte ihnen daf\u00fcr keinen Raum zuteilen, da sie ja negativ \u00fcber ihren Sponsor berichten w\u00fcrden. (Beides nachzulesen in <strong>Naomi Kleins<\/strong> Globalisierungsbestseller <strong>\u201eNo Logo!\u201d<\/strong>, in <strong>Kalle Lasns \u201eCulture Jamming\u201d<\/strong> oder auch in de Graafs <strong>\u201eAffluenza: Zeitkrankheit Konsum\u201d<\/strong>.) Wenn die Wirtschaft und die Markenkonzerne bereits so fr\u00fch in der Entwicklung des politischen Verst\u00e4ndnisses der Menschen eingreifen, steht viel mehr auf dem Spiel als nur der Verkauf oder das Verbot von brauner Blubberbrause oder fettigen Burgern &#8211; die Freiheit des Zusammenlebens wird massiv aufs Spiel gesetzt.<\/p>\n<p><a href=\"http:\/\/konsumpf.de\/wp-content\/uploads\/2008\/10\/adbusters1.jpg\"><img loading=\"lazy\" decoding=\"async\" class=\"alignright size-medium wp-image-361\" title=\"adbusters1\" src=\"http:\/\/konsumpf.de\/wp-content\/uploads\/2008\/10\/adbusters1-300x212.jpg\" alt=\"\" width=\"252\" height=\"178\" \/><\/a>Vor diesem Hintergrund ist in den letzten 20 Jahren der Widerstand gegen die \u00dcberkommerzialisierung bzw. das Bewusstsein f\u00fcr diese Entwicklung in der Gesellschaft gewachsen, und durch den Kanadier Kalle Lasn und seine <a href=\"http:\/\/www.adbusters.org\" target=\"_blank\">Adbusters Foundation<\/a> hat diese Bewegung auch eine bekannte (und nicht immer ganz unumstrittene) Gallionsfigur. Lasn und Culture Jammer weltweit bek\u00e4mpfen die Werbebotschaften, die tagt\u00e4glich auf uns einprasseln, sie versuchen sie zu parodieren, in ihr Gegenteil zu verkehren, sie kapern Werbetafeln, um damit in den allt\u00e4glichen Diskurs, aber auch die allt\u00e4gliche Wahrnehmung und die Hirne der einzelnen Menschen Informationen einsickern zu lassen, die \u00fcber die Hintergr\u00fcnde der gl\u00e4nzenden Markenfassenden aufkl\u00e4ren. Auch soll der Konsum seinen Status als goldenes Kalb, um das sich unser aller Leben zu drehen hat und der als das Allheilmittel f\u00fcr all unsere Probleme angepriesen wird, endlich wieder verlieren.<\/p>\n<p>An diesem noblen und dringend notwendigen Quest m\u00f6chte ich mich auch mit meinem Blogprojekt <strong>Konsumpf<\/strong> beteiligen. Urspr\u00fcnglich war er als reiner Culture Jamming\/Anti-Werbung- und Konsumkritik-Blog geplant, doch wie das halt so ist, wenn man sich einmal mit diesem Thema besch\u00e4ftigt, stellt man schnell fest, dass viele dieser Probleme auf unserer Welt miteinander verbunden sind und monokausale Erkl\u00e4rungsversuche fehl schlagen. Von daher werde ich immer auch \u00dcberlegungen und Fundst\u00fccke aus den Bereichen Globalisierungskritik, Konzernkritik, Umweltpolitik\/\u00d6kologie, Nachhaltigkeit, Mediendemokratie und komplement\u00e4re\/alternative W\u00e4hrungssysteme mit einflie\u00dfen lassen.<\/p>\n<p><span style=\"color: #000080;\"><strong>Kurz gesagt soll Konsumpf (m)eine Stimme gegen das in manchen Feldern aus dem Ruder laufende real existierende Dasein und f\u00fcr eine gerechtere und selbstbestimmtere Gesellschaft sein.<\/strong><\/span><\/p>\n<p>Ich empfehle auch die Lekt\u00fcre meines Einleitungsbeitrags <a href=\"http:\/\/konsumpf.de\/?p=49\">\u201eWillkommen im Konsumpf\u201c<\/a>.<\/p>\n<p><a href=\"http:\/\/konsumpf.de\/wp-content\/uploads\/2008\/10\/escape-barcode.gif\"><img loading=\"lazy\" decoding=\"async\" class=\"aligncenter size-full wp-image-136\" title=\"escape-barcode\" src=\"http:\/\/konsumpf.de\/wp-content\/uploads\/2008\/10\/escape-barcode.gif\" alt=\"\" width=\"364\" height=\"264\" \/><\/a><\/p>\n<h3 class='related_post_title'>Verwandte Beitr\u00e4ge:<\/h3><ul class='related_post'><li>Keine verwandten Beitr\u00e4ge<\/li><\/ul>","protected":false},"excerpt":{"rendered":"<p>Wir leben heute in einer Gesellschaft, die sowohl von permanentem Wachstumsglauben, aber auch vom Glauben an den Segen des Konsums durchdrungen ist. Begleitet werden wir dabei auf Schritt und Tritt von Werbung f\u00fcr Produkte und Marken, von s\u00fcndhaft teuren, einschleimenden Imagekampagnen, die aus zerst\u00f6rerischen Gro\u00dfunternehmen harmlose Klimasch\u00fctzer machen sollen. Wir sind umgeben von Zeitschriften und [&hellip;]<\/p>\n","protected":false},"author":1,"featured_media":0,"parent":0,"menu_order":6,"comment_status":"closed","ping_status":"open","template":"","meta":{"footnotes":""},"yoast_head":"<!-- This site is optimized with the Yoast SEO plugin v24.4 - https:\/\/yoast.com\/wordpress\/plugins\/seo\/ -->\n<title>Worum geht&#039;s? - Konsumpf - Forum f\u00fcr kreative Konsumkritik - Culture Jamming, Nachhaltigkeit, Konzernkritik, Adbusting<\/title>\n<meta name=\"robots\" content=\"index, follow, max-snippet:-1, max-image-preview:large, max-video-preview:-1\" \/>\n<link rel=\"canonical\" href=\"https:\/\/konsumpf.de\/?page_id=4\" \/>\n<meta property=\"og:locale\" content=\"de_DE\" \/>\n<meta property=\"og:type\" content=\"article\" \/>\n<meta property=\"og:title\" content=\"Worum geht&#039;s? - Konsumpf - Forum f\u00fcr kreative Konsumkritik - Culture Jamming, Nachhaltigkeit, Konzernkritik, Adbusting\" \/>\n<meta property=\"og:description\" content=\"Wir leben heute in einer Gesellschaft, die sowohl von permanentem Wachstumsglauben, aber auch vom Glauben an den Segen des Konsums durchdrungen ist. Begleitet werden wir dabei auf Schritt und Tritt von Werbung f\u00fcr Produkte und Marken, von s\u00fcndhaft teuren, einschleimenden Imagekampagnen, die aus zerst\u00f6rerischen Gro\u00dfunternehmen harmlose Klimasch\u00fctzer machen sollen. Wir sind umgeben von Zeitschriften und [&hellip;]\" \/>\n<meta property=\"og:url\" content=\"https:\/\/konsumpf.de\/?page_id=4\" \/>\n<meta property=\"og:site_name\" content=\"Konsumpf - Forum f\u00fcr kreative Konsumkritik - Culture Jamming, Nachhaltigkeit, Konzernkritik, Adbusting\" \/>\n<meta property=\"article:modified_time\" content=\"2012-07-23T14:40:53+00:00\" \/>\n<meta property=\"og:image\" content=\"http:\/\/vg07.met.vgwort.de\/na\/a2f928ee034c4128ba8e0dff30e7bf7b\" \/>\n<meta name=\"twitter:card\" content=\"summary_large_image\" \/>\n<meta name=\"twitter:label1\" content=\"Gesch\u00e4tzte Lesezeit\" \/>\n\t<meta name=\"twitter:data1\" content=\"3\u00a0Minuten\" \/>\n<script type=\"application\/ld+json\" class=\"yoast-schema-graph\">{\"@context\":\"https:\/\/schema.org\",\"@graph\":[{\"@type\":\"WebPage\",\"@id\":\"https:\/\/konsumpf.de\/?page_id=4\",\"url\":\"https:\/\/konsumpf.de\/?page_id=4\",\"name\":\"Worum geht's? - Konsumpf - Forum f\u00fcr kreative Konsumkritik - Culture Jamming, Nachhaltigkeit, Konzernkritik, Adbusting\",\"isPartOf\":{\"@id\":\"https:\/\/konsumpf.de\/#website\"},\"primaryImageOfPage\":{\"@id\":\"https:\/\/konsumpf.de\/?page_id=4#primaryimage\"},\"image\":{\"@id\":\"https:\/\/konsumpf.de\/?page_id=4#primaryimage\"},\"thumbnailUrl\":\"http:\/\/vg07.met.vgwort.de\/na\/a2f928ee034c4128ba8e0dff30e7bf7b\",\"datePublished\":\"2008-10-10T14:02:46+00:00\",\"dateModified\":\"2012-07-23T14:40:53+00:00\",\"breadcrumb\":{\"@id\":\"https:\/\/konsumpf.de\/?page_id=4#breadcrumb\"},\"inLanguage\":\"de\",\"potentialAction\":[{\"@type\":\"ReadAction\",\"target\":[\"https:\/\/konsumpf.de\/?page_id=4\"]}]},{\"@type\":\"ImageObject\",\"inLanguage\":\"de\",\"@id\":\"https:\/\/konsumpf.de\/?page_id=4#primaryimage\",\"url\":\"http:\/\/vg07.met.vgwort.de\/na\/a2f928ee034c4128ba8e0dff30e7bf7b\",\"contentUrl\":\"http:\/\/vg07.met.vgwort.de\/na\/a2f928ee034c4128ba8e0dff30e7bf7b\"},{\"@type\":\"BreadcrumbList\",\"@id\":\"https:\/\/konsumpf.de\/?page_id=4#breadcrumb\",\"itemListElement\":[{\"@type\":\"ListItem\",\"position\":1,\"name\":\"Startseite\",\"item\":\"https:\/\/konsumpf.de\/\"},{\"@type\":\"ListItem\",\"position\":2,\"name\":\"Worum geht&#8217;s?\"}]},{\"@type\":\"WebSite\",\"@id\":\"https:\/\/konsumpf.de\/#website\",\"url\":\"https:\/\/konsumpf.de\/\",\"name\":\"Konsumpf - Forum f\u00fcr kreative Konsumkritik - Culture Jamming, Nachhaltigkeit, Konzernkritik, Adbusting\",\"description\":\"\",\"potentialAction\":[{\"@type\":\"SearchAction\",\"target\":{\"@type\":\"EntryPoint\",\"urlTemplate\":\"https:\/\/konsumpf.de\/?s={search_term_string}\"},\"query-input\":{\"@type\":\"PropertyValueSpecification\",\"valueRequired\":true,\"valueName\":\"search_term_string\"}}],\"inLanguage\":\"de\"}]}<\/script>\n<!-- \/ Yoast SEO plugin. -->","yoast_head_json":{"title":"Worum geht's? - Konsumpf - Forum f\u00fcr kreative Konsumkritik - Culture Jamming, Nachhaltigkeit, Konzernkritik, Adbusting","robots":{"index":"index","follow":"follow","max-snippet":"max-snippet:-1","max-image-preview":"max-image-preview:large","max-video-preview":"max-video-preview:-1"},"canonical":"https:\/\/konsumpf.de\/?page_id=4","og_locale":"de_DE","og_type":"article","og_title":"Worum geht's? - Konsumpf - Forum f\u00fcr kreative Konsumkritik - Culture Jamming, Nachhaltigkeit, Konzernkritik, Adbusting","og_description":"Wir leben heute in einer Gesellschaft, die sowohl von permanentem Wachstumsglauben, aber auch vom Glauben an den Segen des Konsums durchdrungen ist. Begleitet werden wir dabei auf Schritt und Tritt von Werbung f\u00fcr Produkte und Marken, von s\u00fcndhaft teuren, einschleimenden Imagekampagnen, die aus zerst\u00f6rerischen Gro\u00dfunternehmen harmlose Klimasch\u00fctzer machen sollen. Wir sind umgeben von Zeitschriften und [&hellip;]","og_url":"https:\/\/konsumpf.de\/?page_id=4","og_site_name":"Konsumpf - Forum f\u00fcr kreative Konsumkritik - Culture Jamming, Nachhaltigkeit, Konzernkritik, Adbusting","article_modified_time":"2012-07-23T14:40:53+00:00","og_image":[{"url":"http:\/\/vg07.met.vgwort.de\/na\/a2f928ee034c4128ba8e0dff30e7bf7b","type":"","width":"","height":""}],"twitter_card":"summary_large_image","twitter_misc":{"Gesch\u00e4tzte Lesezeit":"3\u00a0Minuten"},"schema":{"@context":"https:\/\/schema.org","@graph":[{"@type":"WebPage","@id":"https:\/\/konsumpf.de\/?page_id=4","url":"https:\/\/konsumpf.de\/?page_id=4","name":"Worum geht's? - Konsumpf - Forum f\u00fcr kreative Konsumkritik - Culture Jamming, Nachhaltigkeit, Konzernkritik, Adbusting","isPartOf":{"@id":"https:\/\/konsumpf.de\/#website"},"primaryImageOfPage":{"@id":"https:\/\/konsumpf.de\/?page_id=4#primaryimage"},"image":{"@id":"https:\/\/konsumpf.de\/?page_id=4#primaryimage"},"thumbnailUrl":"http:\/\/vg07.met.vgwort.de\/na\/a2f928ee034c4128ba8e0dff30e7bf7b","datePublished":"2008-10-10T14:02:46+00:00","dateModified":"2012-07-23T14:40:53+00:00","breadcrumb":{"@id":"https:\/\/konsumpf.de\/?page_id=4#breadcrumb"},"inLanguage":"de","potentialAction":[{"@type":"ReadAction","target":["https:\/\/konsumpf.de\/?page_id=4"]}]},{"@type":"ImageObject","inLanguage":"de","@id":"https:\/\/konsumpf.de\/?page_id=4#primaryimage","url":"http:\/\/vg07.met.vgwort.de\/na\/a2f928ee034c4128ba8e0dff30e7bf7b","contentUrl":"http:\/\/vg07.met.vgwort.de\/na\/a2f928ee034c4128ba8e0dff30e7bf7b"},{"@type":"BreadcrumbList","@id":"https:\/\/konsumpf.de\/?page_id=4#breadcrumb","itemListElement":[{"@type":"ListItem","position":1,"name":"Startseite","item":"https:\/\/konsumpf.de\/"},{"@type":"ListItem","position":2,"name":"Worum geht&#8217;s?"}]},{"@type":"WebSite","@id":"https:\/\/konsumpf.de\/#website","url":"https:\/\/konsumpf.de\/","name":"Konsumpf - Forum f\u00fcr kreative Konsumkritik - Culture Jamming, Nachhaltigkeit, Konzernkritik, Adbusting","description":"","potentialAction":[{"@type":"SearchAction","target":{"@type":"EntryPoint","urlTemplate":"https:\/\/konsumpf.de\/?s={search_term_string}"},"query-input":{"@type":"PropertyValueSpecification","valueRequired":true,"valueName":"search_term_string"}}],"inLanguage":"de"}]}},"_links":{"self":[{"href":"https:\/\/konsumpf.de\/index.php?rest_route=\/wp\/v2\/pages\/4"}],"collection":[{"href":"https:\/\/konsumpf.de\/index.php?rest_route=\/wp\/v2\/pages"}],"about":[{"href":"https:\/\/konsumpf.de\/index.php?rest_route=\/wp\/v2\/types\/page"}],"author":[{"embeddable":true,"href":"https:\/\/konsumpf.de\/index.php?rest_route=\/wp\/v2\/users\/1"}],"replies":[{"embeddable":true,"href":"https:\/\/konsumpf.de\/index.php?rest_route=%2Fwp%2Fv2%2Fcomments&post=4"}],"version-history":[{"count":51,"href":"https:\/\/konsumpf.de\/index.php?rest_route=\/wp\/v2\/pages\/4\/revisions"}],"predecessor-version":[{"id":14189,"href":"https:\/\/konsumpf.de\/index.php?rest_route=\/wp\/v2\/pages\/4\/revisions\/14189"}],"wp:attachment":[{"href":"https:\/\/konsumpf.de\/index.php?rest_route=%2Fwp%2Fv2%2Fmedia&parent=4"}],"curies":[{"name":"wp","href":"https:\/\/api.w.org\/{rel}","templated":true}]}}