{"id":2537,"date":"2009-01-27T17:33:17","date_gmt":"2009-01-27T16:33:17","guid":{"rendered":"http:\/\/konsumpf.de\/?page_id=2537"},"modified":"2024-06-09T08:53:21","modified_gmt":"2024-06-09T06:53:21","slug":"nachhaltigkeit-umwelt-politischer-konsum","status":"publish","type":"page","link":"https:\/\/konsumpf.de\/?page_id=2537","title":{"rendered":"Nachhaltigkeit \/ Umwelt \/ Politischer Konsum"},"content":{"rendered":"<p>Auch wenn mein haupts\u00e4chlicher Fokus im Konsumpf-Blog eher indirekt auf den Themen <strong>Nachhaltigkeit<\/strong> \/ <strong>Politischer Konsum \/ LOHAS\/LOVOS \/ Umweltschutz<\/strong> liegt (wobei Konsum- und Konzernkritik nat\u00fcrlich immer auch diese Thematik ber\u00fchrt) und es sicherlich einige andere Websites gibt, die sich konkreter damit besch\u00e4ftigen, Tipps f\u00fcr <strong>nachhaltigen Konsum<\/strong> geben etc. (siehe meine <a href=\"http:\/\/konsumpf.de\/?page_id=39\">Link-Sammlung<\/a>), m\u00f6chte ich einige der Texte\/Artikel, die mir aufgefallen sind und mehr grundlegende \u00dcberlegungen enthalten, hier anf\u00fchren. Selbstverst\u00e4ndlich kann es keine klare Trennlinie zwischen den einzelnen Rubriken geben, deshalb empfehle ich auch, bspw. beim <a href=\"http:\/\/konsumpf.de\/?page_id=2434\">Culture Jamming<\/a> und der allgemeinen Konsumkritik reinzuschauen.<\/p>\n<ul>\n<li>\u201e<a href=\"http:\/\/www.kate-berlin.de\/aktionshandbuch-nachhaltiger-konsum-und-entwicklungszusammenarbeit-de.html\">Aktionshandbuch Nachhaltiger Konsum und Entwicklungszusammenarbeit<\/a>\u201c (KATE e.V.; das Buch kann auf der Website zum Selbstkostenpreis bestellt werden; viele Anregungen und Texte finden sich aber auch direkt auf der Website, z.B. \u00fcber <a href=\"http:\/\/www.kate-berlin.de\/nachhaltiger-konsum-aktionshandbuch-de.html\">Konsum<\/a>)<\/li>\n<li>\u201e<a href=\"http:\/\/www.landscaping.at\/blog\/2008\/12\/01\/zukunftsfahig-ohne-systemwandel\/\">Zukunftsf\u00e4hig ohne Systemwandel? Ist Nachhaltigkeit tot?<\/a>\u201c (Landscaping, 1.12.2008)<\/li>\n<li>\u201e<a href=\"http:\/\/umgebungsgedanken.momocat.de\/2009\/01\/10\/verzichten-lohas\/\">Verzichten LOHAS?<\/a>\u201c (Umgebungsgedanken-Blog, 10.1.2009; enth\u00e4lt Download der Spiegel-Anzeigenvermarktungs.Brosch\u00fcre zum Thema LOHAS\/LOVOS)<\/li>\n<li>\u201e<a href=\"http:\/\/www.geo.de\/GEO\/kultur\/gesellschaft\/59218.html\">Kritischer Konsum: Kann Einkaufen die Welt verbessern?<\/a>\u201c (GEO Spezial. Eigentlich kein allzu guter Artikel, da er recht oberfl\u00e4chlich bleibt und auch teils zweifelhafte Tipps gibt, aber ich halte es f\u00fcr eine interessante und erfreuliche Entwicklung, dass dieses Thema mittlerweile auch im konservativen Mainstream angekommen ist.)<\/li>\n<li>\u201e<a href=\"http:\/\/www.stratum-consult.de\/lohas-mythos-und-wirklichkeit.html\">LOHAS \u2013 Mythos und Wirklichkeit<\/a>\u201c (Studie von stratum, Nov. 2008, leider kostenpflichtig; Ausz\u00fcge &amp; Infos gibt es dort aber umsonst; siehe auch den <a href=\"http:\/\/kaffee-blog.maskal.de\/lohas\/lohas-mythos-und-wirklichkeit\/\">Kaffee-Satz-Blog<\/a>)<\/li>\n<li><span style=\"color: #000080;\">Peter Unfried:<\/span> \u201e<a href=\"http:\/\/www.taz.de\/index.php?id=start&amp;art=5024&amp;id=alltag-artikel&amp;src=AR&amp;cHash=f537e6797f\">Nachhaltiger Konsum: Wunderbare Welt der LOHAS<\/a>\u201c (taz, 22.9.2007)<\/li>\n<li><span style=\"color: #000080;\">Karl Kollmann:<\/span> \u201e<a href=\"http:\/\/www.heise.de\/tp\/r4\/artikel\/28\/28289\/1.html\">Nachhaltiger Konsum: Rezepte f\u00fcr bzw. gegen den Klimawandel?<\/a>\u201c (Telepolis, 10.7.2008)<\/li>\n<li><span style=\"color: #000080;\">Boris Holzer:<\/span> \u201e<a href=\"http:\/\/www.politikundprotest.de\/?page_id=13\">Politik im Supermarkt<\/a>\u201c (Suhrkamp; Auszug aus dem Buch \u201eUnd jetzt?\u201c)<\/li>\n<li><span style=\"color: #000080;\">Michael Beetz: <\/span>\u201e<a href=\"http:\/\/www.politik-konsum.de\/pdf\/verbraucheroeffentlichkeit.pdf\">Leben zwischen Politik und Wirtschaft. Von der sanften Macht der Verbraucher\u00f6ffentlichkeit<\/a>\u201c (2005, pdf)<\/li>\n<\/ul>\n<p style=\"text-align: center;\"><a href=\"http:\/\/konsumpf.de\/wp-content\/uploads\/2009\/01\/einkaufswagen-mit-melonen.jpg\"><img loading=\"lazy\" decoding=\"async\" class=\"aligncenter size-medium wp-image-2545\" style=\"margin-top: 12px;\" title=\"einkaufswagen-mit-melonen\" src=\"http:\/\/konsumpf.de\/wp-content\/uploads\/2009\/01\/einkaufswagen-mit-melonen-300x225.jpg\" alt=\"einkaufswagen-mit-melonen\" width=\"300\" height=\"225\" srcset=\"https:\/\/konsumpf.de\/wp-content\/uploads\/2009\/01\/einkaufswagen-mit-melonen-300x225.jpg 300w, https:\/\/konsumpf.de\/wp-content\/uploads\/2009\/01\/einkaufswagen-mit-melonen-1024x768.jpg 1024w, https:\/\/konsumpf.de\/wp-content\/uploads\/2009\/01\/einkaufswagen-mit-melonen.jpg 1600w\" sizes=\"(max-width: 300px) 100vw, 300px\" \/><\/a><\/p>\n<h3 class='related_post_title'>Verwandte Beitr\u00e4ge:<\/h3><ul class='related_post'><li>Keine verwandten Beitr\u00e4ge<\/li><\/ul>","protected":false},"excerpt":{"rendered":"<p>Auch wenn mein haupts\u00e4chlicher Fokus im Konsumpf-Blog eher indirekt auf den Themen Nachhaltigkeit \/ Politischer Konsum \/ LOHAS\/LOVOS \/ Umweltschutz liegt (wobei Konsum- und Konzernkritik nat\u00fcrlich immer auch diese Thematik ber\u00fchrt) und es sicherlich einige andere Websites gibt, die sich konkreter damit besch\u00e4ftigen, Tipps f\u00fcr nachhaltigen Konsum geben etc. (siehe meine Link-Sammlung), m\u00f6chte ich einige [&hellip;]<\/p>\n","protected":false},"author":1,"featured_media":0,"parent":2421,"menu_order":0,"comment_status":"closed","ping_status":"open","template":"","meta":{"footnotes":""},"yoast_head":"<!-- This site is optimized with the Yoast SEO plugin v24.4 - https:\/\/yoast.com\/wordpress\/plugins\/seo\/ -->\n<title>Nachhaltigkeit \/ Umwelt \/ Politischer Konsum - Konsumpf - Forum f\u00fcr kreative Konsumkritik - Culture Jamming, Nachhaltigkeit, Konzernkritik, Adbusting<\/title>\n<meta name=\"robots\" content=\"index, follow, max-snippet:-1, max-image-preview:large, max-video-preview:-1\" \/>\n<link rel=\"canonical\" href=\"https:\/\/konsumpf.de\/?page_id=2537\" \/>\n<meta property=\"og:locale\" content=\"de_DE\" \/>\n<meta property=\"og:type\" content=\"article\" \/>\n<meta property=\"og:title\" content=\"Nachhaltigkeit \/ Umwelt \/ Politischer Konsum - Konsumpf - Forum f\u00fcr kreative Konsumkritik - Culture Jamming, Nachhaltigkeit, Konzernkritik, Adbusting\" \/>\n<meta property=\"og:description\" content=\"Auch wenn mein haupts\u00e4chlicher Fokus im Konsumpf-Blog eher indirekt auf den Themen Nachhaltigkeit \/ Politischer Konsum \/ LOHAS\/LOVOS \/ Umweltschutz liegt (wobei Konsum- und Konzernkritik nat\u00fcrlich immer auch diese Thematik ber\u00fchrt) und es sicherlich einige andere Websites gibt, die sich konkreter damit besch\u00e4ftigen, Tipps f\u00fcr nachhaltigen Konsum geben etc. (siehe meine Link-Sammlung), m\u00f6chte ich einige [&hellip;]\" \/>\n<meta property=\"og:url\" content=\"https:\/\/konsumpf.de\/?page_id=2537\" \/>\n<meta property=\"og:site_name\" content=\"Konsumpf - Forum f\u00fcr kreative Konsumkritik - Culture Jamming, Nachhaltigkeit, Konzernkritik, Adbusting\" \/>\n<meta property=\"article:modified_time\" content=\"2024-06-09T06:53:21+00:00\" \/>\n<meta property=\"og:image\" content=\"http:\/\/konsumpf.de\/wp-content\/uploads\/2009\/01\/einkaufswagen-mit-melonen-300x225.jpg\" \/>\n<meta name=\"twitter:card\" content=\"summary_large_image\" \/>\n<script type=\"application\/ld+json\" class=\"yoast-schema-graph\">{\"@context\":\"https:\/\/schema.org\",\"@graph\":[{\"@type\":\"WebPage\",\"@id\":\"https:\/\/konsumpf.de\/?page_id=2537\",\"url\":\"https:\/\/konsumpf.de\/?page_id=2537\",\"name\":\"Nachhaltigkeit \/ Umwelt \/ Politischer Konsum - Konsumpf - Forum f\u00fcr kreative Konsumkritik - Culture Jamming, Nachhaltigkeit, Konzernkritik, Adbusting\",\"isPartOf\":{\"@id\":\"https:\/\/konsumpf.de\/#website\"},\"primaryImageOfPage\":{\"@id\":\"https:\/\/konsumpf.de\/?page_id=2537#primaryimage\"},\"image\":{\"@id\":\"https:\/\/konsumpf.de\/?page_id=2537#primaryimage\"},\"thumbnailUrl\":\"http:\/\/konsumpf.de\/wp-content\/uploads\/2009\/01\/einkaufswagen-mit-melonen-300x225.jpg\",\"datePublished\":\"2009-01-27T16:33:17+00:00\",\"dateModified\":\"2024-06-09T06:53:21+00:00\",\"breadcrumb\":{\"@id\":\"https:\/\/konsumpf.de\/?page_id=2537#breadcrumb\"},\"inLanguage\":\"de\",\"potentialAction\":[{\"@type\":\"ReadAction\",\"target\":[\"https:\/\/konsumpf.de\/?page_id=2537\"]}]},{\"@type\":\"ImageObject\",\"inLanguage\":\"de\",\"@id\":\"https:\/\/konsumpf.de\/?page_id=2537#primaryimage\",\"url\":\"https:\/\/konsumpf.de\/wp-content\/uploads\/2009\/01\/einkaufswagen-mit-melonen.jpg\",\"contentUrl\":\"https:\/\/konsumpf.de\/wp-content\/uploads\/2009\/01\/einkaufswagen-mit-melonen.jpg\",\"width\":\"1600\",\"height\":\"1200\"},{\"@type\":\"BreadcrumbList\",\"@id\":\"https:\/\/konsumpf.de\/?page_id=2537#breadcrumb\",\"itemListElement\":[{\"@type\":\"ListItem\",\"position\":1,\"name\":\"Startseite\",\"item\":\"https:\/\/konsumpf.de\/\"},{\"@type\":\"ListItem\",\"position\":2,\"name\":\"Wissensbasis\",\"item\":\"https:\/\/konsumpf.de\/?page_id=2421\"},{\"@type\":\"ListItem\",\"position\":3,\"name\":\"Nachhaltigkeit \/ Umwelt \/ Politischer Konsum\"}]},{\"@type\":\"WebSite\",\"@id\":\"https:\/\/konsumpf.de\/#website\",\"url\":\"https:\/\/konsumpf.de\/\",\"name\":\"Konsumpf - Forum f\u00fcr kreative Konsumkritik - Culture Jamming, Nachhaltigkeit, Konzernkritik, Adbusting\",\"description\":\"\",\"potentialAction\":[{\"@type\":\"SearchAction\",\"target\":{\"@type\":\"EntryPoint\",\"urlTemplate\":\"https:\/\/konsumpf.de\/?s={search_term_string}\"},\"query-input\":{\"@type\":\"PropertyValueSpecification\",\"valueRequired\":true,\"valueName\":\"search_term_string\"}}],\"inLanguage\":\"de\"}]}<\/script>\n<!-- \/ Yoast SEO plugin. -->","yoast_head_json":{"title":"Nachhaltigkeit \/ Umwelt \/ Politischer Konsum - Konsumpf - Forum f\u00fcr kreative Konsumkritik - Culture Jamming, Nachhaltigkeit, Konzernkritik, Adbusting","robots":{"index":"index","follow":"follow","max-snippet":"max-snippet:-1","max-image-preview":"max-image-preview:large","max-video-preview":"max-video-preview:-1"},"canonical":"https:\/\/konsumpf.de\/?page_id=2537","og_locale":"de_DE","og_type":"article","og_title":"Nachhaltigkeit \/ Umwelt \/ Politischer Konsum - Konsumpf - Forum f\u00fcr kreative Konsumkritik - Culture Jamming, Nachhaltigkeit, Konzernkritik, Adbusting","og_description":"Auch wenn mein haupts\u00e4chlicher Fokus im Konsumpf-Blog eher indirekt auf den Themen Nachhaltigkeit \/ Politischer Konsum \/ LOHAS\/LOVOS \/ Umweltschutz liegt (wobei Konsum- und Konzernkritik nat\u00fcrlich immer auch diese Thematik ber\u00fchrt) und es sicherlich einige andere Websites gibt, die sich konkreter damit besch\u00e4ftigen, Tipps f\u00fcr nachhaltigen Konsum geben etc. (siehe meine Link-Sammlung), m\u00f6chte ich einige [&hellip;]","og_url":"https:\/\/konsumpf.de\/?page_id=2537","og_site_name":"Konsumpf - Forum f\u00fcr kreative Konsumkritik - Culture Jamming, Nachhaltigkeit, Konzernkritik, Adbusting","article_modified_time":"2024-06-09T06:53:21+00:00","og_image":[{"url":"http:\/\/konsumpf.de\/wp-content\/uploads\/2009\/01\/einkaufswagen-mit-melonen-300x225.jpg","type":"","width":"","height":""}],"twitter_card":"summary_large_image","schema":{"@context":"https:\/\/schema.org","@graph":[{"@type":"WebPage","@id":"https:\/\/konsumpf.de\/?page_id=2537","url":"https:\/\/konsumpf.de\/?page_id=2537","name":"Nachhaltigkeit \/ Umwelt \/ Politischer Konsum - Konsumpf - Forum f\u00fcr kreative Konsumkritik - Culture Jamming, Nachhaltigkeit, Konzernkritik, Adbusting","isPartOf":{"@id":"https:\/\/konsumpf.de\/#website"},"primaryImageOfPage":{"@id":"https:\/\/konsumpf.de\/?page_id=2537#primaryimage"},"image":{"@id":"https:\/\/konsumpf.de\/?page_id=2537#primaryimage"},"thumbnailUrl":"http:\/\/konsumpf.de\/wp-content\/uploads\/2009\/01\/einkaufswagen-mit-melonen-300x225.jpg","datePublished":"2009-01-27T16:33:17+00:00","dateModified":"2024-06-09T06:53:21+00:00","breadcrumb":{"@id":"https:\/\/konsumpf.de\/?page_id=2537#breadcrumb"},"inLanguage":"de","potentialAction":[{"@type":"ReadAction","target":["https:\/\/konsumpf.de\/?page_id=2537"]}]},{"@type":"ImageObject","inLanguage":"de","@id":"https:\/\/konsumpf.de\/?page_id=2537#primaryimage","url":"https:\/\/konsumpf.de\/wp-content\/uploads\/2009\/01\/einkaufswagen-mit-melonen.jpg","contentUrl":"https:\/\/konsumpf.de\/wp-content\/uploads\/2009\/01\/einkaufswagen-mit-melonen.jpg","width":"1600","height":"1200"},{"@type":"BreadcrumbList","@id":"https:\/\/konsumpf.de\/?page_id=2537#breadcrumb","itemListElement":[{"@type":"ListItem","position":1,"name":"Startseite","item":"https:\/\/konsumpf.de\/"},{"@type":"ListItem","position":2,"name":"Wissensbasis","item":"https:\/\/konsumpf.de\/?page_id=2421"},{"@type":"ListItem","position":3,"name":"Nachhaltigkeit \/ Umwelt \/ Politischer Konsum"}]},{"@type":"WebSite","@id":"https:\/\/konsumpf.de\/#website","url":"https:\/\/konsumpf.de\/","name":"Konsumpf - Forum f\u00fcr kreative Konsumkritik - Culture Jamming, Nachhaltigkeit, Konzernkritik, Adbusting","description":"","potentialAction":[{"@type":"SearchAction","target":{"@type":"EntryPoint","urlTemplate":"https:\/\/konsumpf.de\/?s={search_term_string}"},"query-input":{"@type":"PropertyValueSpecification","valueRequired":true,"valueName":"search_term_string"}}],"inLanguage":"de"}]}},"_links":{"self":[{"href":"https:\/\/konsumpf.de\/index.php?rest_route=\/wp\/v2\/pages\/2537"}],"collection":[{"href":"https:\/\/konsumpf.de\/index.php?rest_route=\/wp\/v2\/pages"}],"about":[{"href":"https:\/\/konsumpf.de\/index.php?rest_route=\/wp\/v2\/types\/page"}],"author":[{"embeddable":true,"href":"https:\/\/konsumpf.de\/index.php?rest_route=\/wp\/v2\/users\/1"}],"replies":[{"embeddable":true,"href":"https:\/\/konsumpf.de\/index.php?rest_route=%2Fwp%2Fv2%2Fcomments&post=2537"}],"version-history":[{"count":9,"href":"https:\/\/konsumpf.de\/index.php?rest_route=\/wp\/v2\/pages\/2537\/revisions"}],"predecessor-version":[{"id":2557,"href":"https:\/\/konsumpf.de\/index.php?rest_route=\/wp\/v2\/pages\/2537\/revisions\/2557"}],"up":[{"embeddable":true,"href":"https:\/\/konsumpf.de\/index.php?rest_route=\/wp\/v2\/pages\/2421"}],"wp:attachment":[{"href":"https:\/\/konsumpf.de\/index.php?rest_route=%2Fwp%2Fv2%2Fmedia&parent=2537"}],"curies":[{"name":"wp","href":"https:\/\/api.w.org\/{rel}","templated":true}]}}