{"id":2485,"date":"2009-01-25T14:31:59","date_gmt":"2009-01-25T13:31:59","guid":{"rendered":"http:\/\/konsumpf.de\/?page_id=2485"},"modified":"2024-06-09T08:53:36","modified_gmt":"2024-06-09T06:53:36","slug":"wirtschaftssystem-alternativen-zum-kapitalismus","status":"publish","type":"page","link":"https:\/\/konsumpf.de\/?page_id=2485","title":{"rendered":"Wirtschaftssystem \/ Alternativen zum Kapitalismus \/ Arbeitsgesellschaft \/ Wirtschaftswachstum"},"content":{"rendered":"<p><a href=\"http:\/\/konsumpf.de\/wp-content\/uploads\/2009\/01\/92297_sales_figures.jpg\"><img loading=\"lazy\" decoding=\"async\" class=\"size-full wp-image-2494 alignright\" title=\"92297_sales_figures\" src=\"http:\/\/konsumpf.de\/wp-content\/uploads\/2009\/01\/92297_sales_figures.jpg\" alt=\"92297_sales_figures\" width=\"193\" height=\"144\" \/><\/a>Auf dieser Seite findet Ihr spannende und wohlformulierte Artikel, die sich mit unserem derzeitigen, auf <strong>Konsum, Wirtschaftswachstumszwang<\/strong> und <strong>Profitmaximierung<\/strong> ausgerichteten neoliberalen <strong>Wirtschaftssystem<\/strong> befassen, mit all seinen Folgen f\u00fcr Umwelt &amp; Gesellschaft, zu denen u.a. auch die seit 2008 offen ausgebrochene \u201e<strong>Finanzkrise<\/strong>\u201c z\u00e4hlt. <strong>Alternativen<\/strong> bzw. Ans\u00e4tze zur Ver\u00e4nderung, auch \u00dcberlegungen hinsichtlich der \u00dcberh\u00f6hung des \u201eWertes\u201c Arbeit in unserer derzeitigen Gesellschaft, werden gl\u00fccklicherweise in nicht geringem Ma\u00dfe von vielen klugen Leuten diskutiert.<\/p>\n<p>Zun\u00e4chst wieder der Verweis auf im Konsumpf erschienene Beitr\u00e4ge zu dieser Thematik:<\/p>\n<ul>\n<li>\u201e<a href=\"http:\/\/konsumpf.de\/?p=556\">Wie unser Wirtschaftssystem die Erde t\u00f6tet<\/a>\u201c (sehr gute Beitr\u00e4ge, u.a. von Prof. Tim Jackson, aus dem <a href=\"http:\/\/www.newscientist.com\/article\/mg20026786.000?promcode=nletter&amp;DCMP=NLC-nletter&amp;nsref=mg20026786.000\">Special des New Scientist<\/a> vom Herbst 2008 \u00fcber nachhaltigere Wirtschaft)<\/li>\n<li><span style=\"color: #000080;\">David Korten:<\/span> \u201e<a href=\"http:\/\/konsumpf.de\/?p=1787\">Beyond the Bailout: Agenda f\u00fcr eine neue Wirtschaft<\/a>\u201c (aus YES! Magazine, Winter 2008)<\/li>\n<li><span style=\"color: #000080;\">Herman Daly:<\/span> <a href=\"..\/?p=1644\">Ein Wirtschaftssystem des langfristigen Gleichgewichts (Steady-State-\u00d6konomie)<\/a><\/li>\n<li>\u201e<a href=\"http:\/\/konsumpf.de\/?p=5624\">F\u00fcr eine \u00d6konomie jenseits des Wachstums<\/a>\u201c (Politischer Kirchentag Pl\u00f6n, 2009)<\/li>\n<li>Buchbesprechung: <span style=\"color: #000080;\">Jean Ziegler<\/span> \u201e<a href=\"http:\/\/konsumpf.de\/?p=323\">Das Imperium der Schande<\/a>\u201c<\/li>\n<\/ul>\n<p>Und hier weiterer guter Lesestoff:<\/p>\n<ul>\n<li>\u201e<a href=\"http:\/\/www.krisis.org\/2009\/every-bank-is-a-bad-bank\">Every bank is a bad bank. Du bist in der Krise. Dein Problem hei\u00dft Marktwirtschaft.<\/a>\u201c (krisis, 13. April 2009)<\/li>\n<li>\u201e<a href=\"http:\/\/www.krisis.org\/2008\/crashkurs-flugblatt-zur-finanzkrise\">Crashkurs \u2013 Flugblatt zur aktuellen Krise<\/a>\u201c (krisis), &gt;&gt; <a href=\"http:\/\/www.krisis.org\/wp-content\/data\/gruppe-krisis-flyer-zur-finanzkrise.pdf\">als pdf<\/a><\/li>\n<li>\u201e<a href=\"http:\/\/www.wissensmanufaktur.net\/wirtschaftswissenschaftler\">Wirtschaftswissenschaftler mit ihrem Latein am Ende \u2013 Wissenschaft oder Religion?<\/a>\u201c (Wissensmanufaktur, Oktober 2010)<\/li>\n<li>\u201e<a href=\"http:\/\/www.krisis.org\/1999\/manifest-gegen-die-arbeit\">Manifest gegen die Arbeit<\/a>\u201c (krisis, 1999)<\/li>\n<li>\u201e<a href=\"http:\/\/www.hyperbaustelle.de\/u-blog\/2011\/01\/24\/das-gespenst-des-kapitals\/\">Das Gespenst des Kapitals<\/a>\u201c (Hyperbaustelle, 2011)<\/li>\n<li>\u201e<a href=\"http:\/\/www.krisis.org\/1999\/feierabend-elf-attacken-gegen-die-arbeit\">Feierabend! Elf Attacken gegen die Arbeit<\/a>\u201c (krisis, 1999), &gt;&gt; <a href=\"http:\/\/www.krisis.org\/wp-content\/data\/feierabend.pdf\">als pdf<\/a><\/li>\n<li>\u201e<a href=\"http:\/\/feynsinn.org\/?p=1042\">Zur Psychologie des Neoliberalismus<\/a>\u201c (Feynsinn, 11.2.2009)<\/li>\n<li>\u201e<a href=\"http:\/\/www.social-innovation.org\/?p=922\">Umverteiler aller Fl\u00fcgel \u2013 erteilt Euch<\/a>\u201c (Social Innovations Network, 12.11.2008)<\/li>\n<li><span style=\"color: #000080;\">Raul Zelik &amp; Elmar Altvater:<\/span> \u201e<a href=\"http:\/\/www.vermessung-der-utopie.de\/\">Vermessung der Utopie<\/a>\u201c (komplettes Buch kostenlos!)<\/li>\n<li><span style=\"color: #000080;\">Wolfgang Uchatius:<\/span> \u201e<a href=\"http:\/\/www.zeit.de\/2009\/22\/DOS-Wachstum\">Wir k\u00f6nnten auch anders<\/a>\u201c (DIE ZEIT, 20.5.2009 \u2013 sehr guter Text!)<\/li>\n<li><span style=\"color: #000080;\">Horst Stowasser:<\/span> \u201e<a href=\"http:\/\/konsumpf.de\/wp-content\/uploads\/2009\/07\/stowasser-anarchie-freiheitpur-eine-andere-oekonomie.pdf\">Eine andere \u00d6konomie<\/a>\u201c (aus: \u201eFreiheit pur \u2013 Die Idee der Anarchie\u201c (<a href=\"http:\/\/mama-anarchija.net\/media\/downloads\/FreiheitPurPlus4-2007.pdf\">pdf<\/a>) \u2013 <strong>EXTREM empfehlenswerte Analyse der Fehler unseres Systems!<\/strong>)<\/li>\n<li><span style=\"color: #000080;\">Meinhard Miegel:<\/span> \u201e<a href=\"http:\/\/www.kath-akademie-bayern.de\/tl_files\/Kath_Akademie_Bayern\/Veroeffentlichungen\/zur_debatte\/pdf\/2011\/Wohlstand%20ohne%20Wachstum%20Meinhard%20Miegel%20201101.pdf\">Wohlstand ohne Wachstum<\/a>\u201c (zur debatte, 2011, pdf)<\/li>\n<li><span style=\"color: #000080;\">Norbert Trenkle:<\/span> \u201e<a href=\"http:\/\/www.krisis.org\/1996\/weltgesellschaft-ohne-geld#more-242\">Weltgesellschaft ohne Geld. \u00dcberlegungen zu einer Perspektive jenseits der Warenform<\/a>\u201c (krisis, Dez. 1996)<\/li>\n<li><span style=\"color: #000080;\">Birgit G\u00e4rtner:<\/span> \u201e<a href=\"http:\/\/www.heise.de\/tp\/artikel\/33\/33400\/1.html\">Umsonst-\u00d6konomie gegen den Konsumterror<\/a>\u201c (Telepolis, 2010)<\/li>\n<li><span style=\"color: #000080;\">Niko Paech:<\/span> \u201e<a href=\"http:\/\/www.monde-diplomatique.de\/pm\/2010\/09\/10\/a0065.text.name,n,0\">Die Legende vom nachhaltigen Wachstum \u2013 ein Pl\u00e4doyer f\u00fcr den Verzicht<\/a>\u201c (Le Monde Diplomatique, 2010)<\/li>\n<li><span style=\"color: #000080;\">Frank Schirrmacher: <\/span>\u201e<a href=\"http:\/\/www.faz.net\/s\/Rub117C535CDF414415BB243B181B8B60AE\/Doc~E4E6B37E2C88D4F04A7F604DF6DD33B0E~ATpl~Ecommon~Scontent.html\">Was wird morgen sein? Wie die Finanzkrise das Denken \u00e4ndert<\/a>\u201c (FAZ, 11.10.2008)<\/li>\n<li><span style=\"color: #000080;\">Helmut Creutz:<\/span> <a href=\"http:\/\/www.humane-wirtschaft.de\/06-2007\/creutz_wachstumsdrang-oder-wachstumszwang.pdf\">\u201eWachstumsdrang oder Wachstumszwang?\u201c<\/a> (Zeitschrift f\u00fcr Humanwirtschaft, pdf)<\/li>\n<li><span style=\"color: #000080;\">Christine Wicht:<\/span> \u201e<a href=\"http:\/\/www.humane-wirtschaft.de\/04-2008\/wicht_der-iwf.pdf\">Steigb\u00fcgelhalter der Profitmaximierer. Weltbank und Internationaler W\u00e4hrungsfond<\/a>\u201c (Zeitschrift f\u00fcr Humanwirtschaft 04\/2008, pdf)<\/li>\n<li><span style=\"color: #000080;\">Lothar Galow-Bergemann &amp; Andreas Exner:<\/span> \u201e<a href=\"http:\/\/www.streifzuege.org\/pdf\/pdf_argbl_2-oekologie-7s.pdf\">Arbeit und Wachstum f\u00fcr Umwelt?<\/a>\u201c (Argumentationsbl\u00e4tter 2, Sept. 2007, pdf)<\/li>\n<li><span style=\"color: #000080;\">Andreas Exner:<\/span> \u201e<a href=\"http:\/\/www.streifzuege.org\/texte_str\/str_06-38_exner_solidaroekonomie.html\">Reform oder Raiffeisen? Fragen zur Solidarischen \u00d6konomie<\/a>\u201c (Streifz\u00fcge. Wertkritisches Magazin, 37\/2006)<\/li>\n<li><span style=\"color: #000080;\">Erich Riboltis:<\/span> \u201e<a href=\"http:\/\/www.streifzuege.org\/texte_andere\/str_autor_ribolits_nicht-frei.html\">Arbeit macht nicht frei<\/a>\u201c (Vortrag, Okt. 2003)<\/li>\n<li><span style=\"color: #000080;\">Claudia Klinger:<\/span> \u201e<a href=\"http:\/\/www.claudia-klinger.de\/digidiary\/2009\/06\/10\/arbeitsplaetze-erhalten-warum-eigentlich\/\">Arbeitspl\u00e4tze erhalten \u2013 warum eigentlich?<\/a>\u201c (Juni 2009)<\/li>\n<li><span style=\"color: #000080;\">Heiko Kastner:<\/span> \u201e<a href=\"http:\/\/www.archiv-humanoekonomie.de\/archiv\/kastner_religion-der-marktwirtschaft.pdf\">Die Religion der Marktwirtschaft<\/a>\u201c (human\u00f6konomie, 2003, pdf)<\/li>\n<li><span style=\"color: #000080;\">Annette Schlemm:<\/span> \u201e<a href=\"http:\/\/philosophenstuebchen.wordpress.com\/2008\/12\/18\/peak-wachstum\/\">Peak-Wachstum<\/a>\u201c (Philosophenst\u00fcbchen-Blog, 18.12.2008)<\/li>\n<li><span style=\"color: #000080;\">P.M.:<\/span> \u201e<a href=\"http:\/\/coforum.de\/?576\">SubComA<\/a>\u201d (Buch in pdf-Form, kostenlos)<\/li>\n<\/ul>\n<p><strong>Filme<\/strong> zum Thema:<\/p>\n<ul>\n<li><span style=\"color: #000080;\">The Story of Stuff<\/span> (von <a href=\"http:\/\/storyofstuff.com\/\">Annie Leonard<\/a> \u2013 sehr zu empfehlen!)<br \/>\n<object classid=\"clsid:d27cdb6e-ae6d-11cf-96b8-444553540000\" width=\"400\" height=\"302\" codebase=\"http:\/\/download.macromedia.com\/pub\/shockwave\/cabs\/flash\/swflash.cab#version=6,0,40,0\"><param name=\"data\" value=\"http:\/\/vimeo.com\/moogaloop.swf?clip_id=2416832&amp;server=vimeo.com&amp;show_title=1&amp;show_byline=1&amp;show_portrait=0&amp;color=&amp;fullscreen=1\" \/><param name=\"allowfullscreen\" value=\"true\" \/><param name=\"allowscriptaccess\" value=\"always\" \/><param name=\"src\" value=\"http:\/\/vimeo.com\/moogaloop.swf?clip_id=2416832&amp;server=vimeo.com&amp;show_title=1&amp;show_byline=1&amp;show_portrait=0&amp;color=&amp;fullscreen=1\" \/><embed type=\"application\/x-shockwave-flash\" width=\"400\" height=\"302\" src=\"http:\/\/vimeo.com\/moogaloop.swf?clip_id=2416832&amp;server=vimeo.com&amp;show_title=1&amp;show_byline=1&amp;show_portrait=0&amp;color=&amp;fullscreen=1\" allowscriptaccess=\"always\" allowfullscreen=\"true\" data=\"http:\/\/vimeo.com\/moogaloop.swf?clip_id=2416832&amp;server=vimeo.com&amp;show_title=1&amp;show_byline=1&amp;show_portrait=0&amp;color=&amp;fullscreen=1\"><\/embed><\/object><br \/>\n<a href=\"http:\/\/vimeo.com\/2416832\">Story of Stuff &#8211; German<\/a> from <a href=\"http:\/\/vimeo.com\/utopiaag\">UTOPIA AG<\/a> on <a href=\"http:\/\/vimeo.com\">Vimeo<\/a>.<\/li>\n<\/ul>\n<h3 class='related_post_title'>Verwandte Beitr\u00e4ge:<\/h3><ul class='related_post'><li>Keine verwandten Beitr\u00e4ge<\/li><\/ul>","protected":false},"excerpt":{"rendered":"<p>Auf dieser Seite findet Ihr spannende und wohlformulierte Artikel, die sich mit unserem derzeitigen, auf Konsum, Wirtschaftswachstumszwang und Profitmaximierung ausgerichteten neoliberalen Wirtschaftssystem befassen, mit all seinen Folgen f\u00fcr Umwelt &amp; Gesellschaft, zu denen u.a. auch die seit 2008 offen ausgebrochene \u201eFinanzkrise\u201c z\u00e4hlt. Alternativen bzw. Ans\u00e4tze zur Ver\u00e4nderung, auch \u00dcberlegungen hinsichtlich der \u00dcberh\u00f6hung des \u201eWertes\u201c Arbeit [&hellip;]<\/p>\n","protected":false},"author":1,"featured_media":0,"parent":2421,"menu_order":1,"comment_status":"closed","ping_status":"open","template":"","meta":{"footnotes":""},"yoast_head":"<!-- This site is optimized with the Yoast SEO plugin v24.4 - https:\/\/yoast.com\/wordpress\/plugins\/seo\/ -->\n<title>Wirtschaftssystem \/ Alternativen zum Kapitalismus \/ Arbeitsgesellschaft \/ Wirtschaftswachstum - Konsumpf - Forum f\u00fcr kreative Konsumkritik - Culture Jamming, Nachhaltigkeit, Konzernkritik, Adbusting<\/title>\n<meta name=\"robots\" content=\"index, follow, max-snippet:-1, max-image-preview:large, max-video-preview:-1\" \/>\n<link rel=\"canonical\" href=\"https:\/\/konsumpf.de\/?page_id=2485\" \/>\n<meta property=\"og:locale\" content=\"de_DE\" \/>\n<meta property=\"og:type\" content=\"article\" \/>\n<meta property=\"og:title\" content=\"Wirtschaftssystem \/ Alternativen zum Kapitalismus \/ Arbeitsgesellschaft \/ Wirtschaftswachstum - Konsumpf - Forum f\u00fcr kreative Konsumkritik - Culture Jamming, Nachhaltigkeit, Konzernkritik, Adbusting\" \/>\n<meta property=\"og:description\" content=\"Auf dieser Seite findet Ihr spannende und wohlformulierte Artikel, die sich mit unserem derzeitigen, auf Konsum, Wirtschaftswachstumszwang und Profitmaximierung ausgerichteten neoliberalen Wirtschaftssystem befassen, mit all seinen Folgen f\u00fcr Umwelt &amp; Gesellschaft, zu denen u.a. auch die seit 2008 offen ausgebrochene \u201eFinanzkrise\u201c z\u00e4hlt. Alternativen bzw. Ans\u00e4tze zur Ver\u00e4nderung, auch \u00dcberlegungen hinsichtlich der \u00dcberh\u00f6hung des \u201eWertes\u201c Arbeit [&hellip;]\" \/>\n<meta property=\"og:url\" content=\"https:\/\/konsumpf.de\/?page_id=2485\" \/>\n<meta property=\"og:site_name\" content=\"Konsumpf - Forum f\u00fcr kreative Konsumkritik - Culture Jamming, Nachhaltigkeit, Konzernkritik, Adbusting\" \/>\n<meta property=\"article:modified_time\" content=\"2024-06-09T06:53:36+00:00\" \/>\n<meta property=\"og:image\" content=\"http:\/\/konsumpf.de\/wp-content\/uploads\/2009\/01\/92297_sales_figures.jpg\" \/>\n<meta name=\"twitter:card\" content=\"summary_large_image\" \/>\n<script type=\"application\/ld+json\" class=\"yoast-schema-graph\">{\"@context\":\"https:\/\/schema.org\",\"@graph\":[{\"@type\":\"WebPage\",\"@id\":\"https:\/\/konsumpf.de\/?page_id=2485\",\"url\":\"https:\/\/konsumpf.de\/?page_id=2485\",\"name\":\"Wirtschaftssystem \/ Alternativen zum Kapitalismus \/ Arbeitsgesellschaft \/ Wirtschaftswachstum - Konsumpf - Forum f\u00fcr kreative Konsumkritik - Culture Jamming, Nachhaltigkeit, Konzernkritik, Adbusting\",\"isPartOf\":{\"@id\":\"https:\/\/konsumpf.de\/#website\"},\"primaryImageOfPage\":{\"@id\":\"https:\/\/konsumpf.de\/?page_id=2485#primaryimage\"},\"image\":{\"@id\":\"https:\/\/konsumpf.de\/?page_id=2485#primaryimage\"},\"thumbnailUrl\":\"http:\/\/konsumpf.de\/wp-content\/uploads\/2009\/01\/92297_sales_figures.jpg\",\"datePublished\":\"2009-01-25T13:31:59+00:00\",\"dateModified\":\"2024-06-09T06:53:36+00:00\",\"breadcrumb\":{\"@id\":\"https:\/\/konsumpf.de\/?page_id=2485#breadcrumb\"},\"inLanguage\":\"de\",\"potentialAction\":[{\"@type\":\"ReadAction\",\"target\":[\"https:\/\/konsumpf.de\/?page_id=2485\"]}]},{\"@type\":\"ImageObject\",\"inLanguage\":\"de\",\"@id\":\"https:\/\/konsumpf.de\/?page_id=2485#primaryimage\",\"url\":\"https:\/\/konsumpf.de\/wp-content\/uploads\/2009\/01\/92297_sales_figures.jpg\",\"contentUrl\":\"https:\/\/konsumpf.de\/wp-content\/uploads\/2009\/01\/92297_sales_figures.jpg\",\"width\":\"300\",\"height\":\"224\"},{\"@type\":\"BreadcrumbList\",\"@id\":\"https:\/\/konsumpf.de\/?page_id=2485#breadcrumb\",\"itemListElement\":[{\"@type\":\"ListItem\",\"position\":1,\"name\":\"Startseite\",\"item\":\"https:\/\/konsumpf.de\/\"},{\"@type\":\"ListItem\",\"position\":2,\"name\":\"Wissensbasis\",\"item\":\"https:\/\/konsumpf.de\/?page_id=2421\"},{\"@type\":\"ListItem\",\"position\":3,\"name\":\"Wirtschaftssystem \/ Alternativen zum Kapitalismus \/ Arbeitsgesellschaft \/ Wirtschaftswachstum\"}]},{\"@type\":\"WebSite\",\"@id\":\"https:\/\/konsumpf.de\/#website\",\"url\":\"https:\/\/konsumpf.de\/\",\"name\":\"Konsumpf - Forum f\u00fcr kreative Konsumkritik - Culture Jamming, Nachhaltigkeit, Konzernkritik, Adbusting\",\"description\":\"\",\"potentialAction\":[{\"@type\":\"SearchAction\",\"target\":{\"@type\":\"EntryPoint\",\"urlTemplate\":\"https:\/\/konsumpf.de\/?s={search_term_string}\"},\"query-input\":{\"@type\":\"PropertyValueSpecification\",\"valueRequired\":true,\"valueName\":\"search_term_string\"}}],\"inLanguage\":\"de\"}]}<\/script>\n<!-- \/ Yoast SEO plugin. -->","yoast_head_json":{"title":"Wirtschaftssystem \/ Alternativen zum Kapitalismus \/ Arbeitsgesellschaft \/ Wirtschaftswachstum - Konsumpf - Forum f\u00fcr kreative Konsumkritik - Culture Jamming, Nachhaltigkeit, Konzernkritik, Adbusting","robots":{"index":"index","follow":"follow","max-snippet":"max-snippet:-1","max-image-preview":"max-image-preview:large","max-video-preview":"max-video-preview:-1"},"canonical":"https:\/\/konsumpf.de\/?page_id=2485","og_locale":"de_DE","og_type":"article","og_title":"Wirtschaftssystem \/ Alternativen zum Kapitalismus \/ Arbeitsgesellschaft \/ Wirtschaftswachstum - Konsumpf - Forum f\u00fcr kreative Konsumkritik - Culture Jamming, Nachhaltigkeit, Konzernkritik, Adbusting","og_description":"Auf dieser Seite findet Ihr spannende und wohlformulierte Artikel, die sich mit unserem derzeitigen, auf Konsum, Wirtschaftswachstumszwang und Profitmaximierung ausgerichteten neoliberalen Wirtschaftssystem befassen, mit all seinen Folgen f\u00fcr Umwelt &amp; Gesellschaft, zu denen u.a. auch die seit 2008 offen ausgebrochene \u201eFinanzkrise\u201c z\u00e4hlt. Alternativen bzw. Ans\u00e4tze zur Ver\u00e4nderung, auch \u00dcberlegungen hinsichtlich der \u00dcberh\u00f6hung des \u201eWertes\u201c Arbeit [&hellip;]","og_url":"https:\/\/konsumpf.de\/?page_id=2485","og_site_name":"Konsumpf - Forum f\u00fcr kreative Konsumkritik - Culture Jamming, Nachhaltigkeit, Konzernkritik, Adbusting","article_modified_time":"2024-06-09T06:53:36+00:00","og_image":[{"url":"http:\/\/konsumpf.de\/wp-content\/uploads\/2009\/01\/92297_sales_figures.jpg","type":"","width":"","height":""}],"twitter_card":"summary_large_image","schema":{"@context":"https:\/\/schema.org","@graph":[{"@type":"WebPage","@id":"https:\/\/konsumpf.de\/?page_id=2485","url":"https:\/\/konsumpf.de\/?page_id=2485","name":"Wirtschaftssystem \/ Alternativen zum Kapitalismus \/ Arbeitsgesellschaft \/ Wirtschaftswachstum - Konsumpf - Forum f\u00fcr kreative Konsumkritik - Culture Jamming, Nachhaltigkeit, Konzernkritik, Adbusting","isPartOf":{"@id":"https:\/\/konsumpf.de\/#website"},"primaryImageOfPage":{"@id":"https:\/\/konsumpf.de\/?page_id=2485#primaryimage"},"image":{"@id":"https:\/\/konsumpf.de\/?page_id=2485#primaryimage"},"thumbnailUrl":"http:\/\/konsumpf.de\/wp-content\/uploads\/2009\/01\/92297_sales_figures.jpg","datePublished":"2009-01-25T13:31:59+00:00","dateModified":"2024-06-09T06:53:36+00:00","breadcrumb":{"@id":"https:\/\/konsumpf.de\/?page_id=2485#breadcrumb"},"inLanguage":"de","potentialAction":[{"@type":"ReadAction","target":["https:\/\/konsumpf.de\/?page_id=2485"]}]},{"@type":"ImageObject","inLanguage":"de","@id":"https:\/\/konsumpf.de\/?page_id=2485#primaryimage","url":"https:\/\/konsumpf.de\/wp-content\/uploads\/2009\/01\/92297_sales_figures.jpg","contentUrl":"https:\/\/konsumpf.de\/wp-content\/uploads\/2009\/01\/92297_sales_figures.jpg","width":"300","height":"224"},{"@type":"BreadcrumbList","@id":"https:\/\/konsumpf.de\/?page_id=2485#breadcrumb","itemListElement":[{"@type":"ListItem","position":1,"name":"Startseite","item":"https:\/\/konsumpf.de\/"},{"@type":"ListItem","position":2,"name":"Wissensbasis","item":"https:\/\/konsumpf.de\/?page_id=2421"},{"@type":"ListItem","position":3,"name":"Wirtschaftssystem \/ Alternativen zum Kapitalismus \/ Arbeitsgesellschaft \/ Wirtschaftswachstum"}]},{"@type":"WebSite","@id":"https:\/\/konsumpf.de\/#website","url":"https:\/\/konsumpf.de\/","name":"Konsumpf - Forum f\u00fcr kreative Konsumkritik - Culture Jamming, Nachhaltigkeit, Konzernkritik, Adbusting","description":"","potentialAction":[{"@type":"SearchAction","target":{"@type":"EntryPoint","urlTemplate":"https:\/\/konsumpf.de\/?s={search_term_string}"},"query-input":{"@type":"PropertyValueSpecification","valueRequired":true,"valueName":"search_term_string"}}],"inLanguage":"de"}]}},"_links":{"self":[{"href":"https:\/\/konsumpf.de\/index.php?rest_route=\/wp\/v2\/pages\/2485"}],"collection":[{"href":"https:\/\/konsumpf.de\/index.php?rest_route=\/wp\/v2\/pages"}],"about":[{"href":"https:\/\/konsumpf.de\/index.php?rest_route=\/wp\/v2\/types\/page"}],"author":[{"embeddable":true,"href":"https:\/\/konsumpf.de\/index.php?rest_route=\/wp\/v2\/users\/1"}],"replies":[{"embeddable":true,"href":"https:\/\/konsumpf.de\/index.php?rest_route=%2Fwp%2Fv2%2Fcomments&post=2485"}],"version-history":[{"count":35,"href":"https:\/\/konsumpf.de\/index.php?rest_route=\/wp\/v2\/pages\/2485\/revisions"}],"predecessor-version":[{"id":15588,"href":"https:\/\/konsumpf.de\/index.php?rest_route=\/wp\/v2\/pages\/2485\/revisions\/15588"}],"up":[{"embeddable":true,"href":"https:\/\/konsumpf.de\/index.php?rest_route=\/wp\/v2\/pages\/2421"}],"wp:attachment":[{"href":"https:\/\/konsumpf.de\/index.php?rest_route=%2Fwp%2Fv2%2Fmedia&parent=2485"}],"curies":[{"name":"wp","href":"https:\/\/api.w.org\/{rel}","templated":true}]}}