{"id":2421,"date":"2009-01-25T14:09:59","date_gmt":"2009-01-25T13:09:59","guid":{"rendered":"http:\/\/konsumpf.de\/?page_id=2421"},"modified":"2011-04-17T10:18:21","modified_gmt":"2011-04-17T08:18:21","slug":"wissensbasis","status":"publish","type":"page","link":"https:\/\/konsumpf.de\/?page_id=2421","title":{"rendered":"Wissensbasis"},"content":{"rendered":"<p><em><a href=\"http:\/\/www.sxc.hu\/photo\/1087620\"><img loading=\"lazy\" decoding=\"async\" class=\"alignright size-full wp-image-2430\" title=\"buecherstapel\" src=\"http:\/\/konsumpf.de\/wp-content\/uploads\/2009\/01\/buecherstapel.jpg\" alt=\"buecherstapel\" width=\"193\" height=\"258\" \/><\/a>\u201eWissensbasis? Was soll das denn bedeuten?\u201c<\/em> Nun, mit diesem zugegebenerma\u00dfen vielleicht etwas gro\u00dfspurigen Begriff bezeichne ich eine Rubrik im Konsumpf, in der ich \u2013 anders als im <a href=\"http:\/\/konsumpf.de\">aktuellen Teil<\/a>, dem Blog \u2013 nicht so sehr auf teils anekdotische Einzelmeldungen eingehe. Statt dessen m\u00f6chte ich an dieser Stelle einige besonders wichtige Themen zusammenfassen und vor allem weiterf\u00fchrende Quellen &amp; Artikel b\u00fcndeln. Texte, die f\u00fcr den \u201enormalen\u201c Blog einfach zu umfangreich w\u00e4ren oder die nicht genau ins Tagesgeschehen passen. Die <strong>Wissensbasis<\/strong> soll also mein bescheidener Versuch sein, ein wenig Ordnung ins Dickicht des Internets zu bringen, was gewisse Themen angeht \u2013 hier versammle ich Links &amp; Artikel &amp; Studien, die ich f\u00fcr sehr gelungen und unbedingt lesenswert halte, und f\u00fcr so aussagekr\u00e4ftig, dass ich deren Lekt\u00fcre nur jedem w\u00e4rmstens ans Herz legen kann. Denn wenn auch oft verstreut, findet man im Netz erstaunlich viele frei zug\u00e4ngliche kluge Gedanken \u00fcber diese unsere Welt und Gesellschaft, und meine Seite m\u00f6ge ein wenig Starthilfe f\u00fcr die eigene Recherche geben, als Sprungbrett f\u00fcr weiteres Gedankensammeln dienen. Klasse geht dabei vor Masse \u2013 die Links\/Artikel\/Filme sind von mir handverlesen und f\u00fcr n\u00fctzlich befunden worden. Nat\u00fcrlich bietet es sich auch immer an, den regul\u00e4ren Konsumpf-Blog zu durchsuchen, da nicht alles aus dem Blog auch an dieser Stelle auftauchen wird.<\/p>\n<p>Die Wissensbasis werde ich (mehr oder weniger) regelm\u00e4\u00dfig erg\u00e4nzen, erweitern und aktualisieren \u2013 insbesondere kommen sicherlich noch neue Rubriken hinzu bzw. werden die hier aufgef\u00fchrten Unterseiten nach und nach mit Leben gef\u00fcllt und um neue Beitr\u00e4ge erg\u00e4nzt. Nat\u00fcrlich dient unten stehende Einteilung nur als Orientierung, da die einzelnen Themen nicht unbedingt trennscharf sind, sondern teilweise gewisse inhaltliche Schnittmengen aufweisen. Schaut Euch die Rubriken also ruhig alle einmal an.<\/p>\n<p><strong>Themenbereiche:<\/strong><\/p>\n<ul>\n<li><a href=\"http:\/\/konsumpf.de\/?page_id=2434\">Culture Jamming \/ Adbusting \/ Werbekritik<\/a><\/li>\n<li><a href=\"http:\/\/konsumpf.de\/?page_id=7777\">Konsumkritik<\/a><\/li>\n<li><a href=\"http:\/\/konsumpf.de\/?page_id=3150\">Konzernkritik<\/a> (z.B. Discounter\/Lidl\/Aldi, Nestl\u00e9, McDonald&#8217;s, Deutsche Bank, Shell, Bertelsmann&#8230;)<\/li>\n<li><a href=\"http:\/\/konsumpf.de\/?page_id=2485\">Wirtschaftssystem \/ Wirtschaftswachstum \/ Alternativen zum Kapitalismus<\/a><\/li>\n<li><a href=\"http:\/\/konsumpf.de\/?page_id=2537\">Nachhaltigkeit \/ Umwelt \/ Politischer Konsum \/ LOHAS\/LOVOS<\/a><\/li>\n<li><a href=\"http:\/\/konsumpf.de\/?page_id=11465\">Gesundheitssystem \/ Pharmaindustrie<\/a><\/li>\n<li>Energiepolitik (allg.)<\/li>\n<li>Demokratie \/ Lobbyismus<\/li>\n<li>Globalisierung<\/li>\n<li>Medien(demokratie)<\/li>\n<li>Alternative W\u00e4hrungssysteme \/ Zinsproblematik<\/li>\n<\/ul>\n<h3 class='related_post_title'>Verwandte Beitr\u00e4ge:<\/h3><ul class='related_post'><li>Keine verwandten Beitr\u00e4ge<\/li><\/ul>","protected":false},"excerpt":{"rendered":"<p>\u201eWissensbasis? Was soll das denn bedeuten?\u201c Nun, mit diesem zugegebenerma\u00dfen vielleicht etwas gro\u00dfspurigen Begriff bezeichne ich eine Rubrik im Konsumpf, in der ich \u2013 anders als im aktuellen Teil, dem Blog \u2013 nicht so sehr auf teils anekdotische Einzelmeldungen eingehe. Statt dessen m\u00f6chte ich an dieser Stelle einige besonders wichtige Themen zusammenfassen und vor allem [&hellip;]<\/p>\n","protected":false},"author":1,"featured_media":0,"parent":0,"menu_order":4,"comment_status":"closed","ping_status":"open","template":"","meta":{"footnotes":""},"yoast_head":"<!-- This site is optimized with the Yoast SEO plugin v24.4 - https:\/\/yoast.com\/wordpress\/plugins\/seo\/ -->\n<title>Wissensbasis - Konsumpf - Forum f\u00fcr kreative Konsumkritik - Culture Jamming, Nachhaltigkeit, Konzernkritik, Adbusting<\/title>\n<meta name=\"robots\" content=\"index, follow, max-snippet:-1, max-image-preview:large, max-video-preview:-1\" \/>\n<link rel=\"canonical\" href=\"https:\/\/konsumpf.de\/?page_id=2421\" \/>\n<meta property=\"og:locale\" content=\"de_DE\" \/>\n<meta property=\"og:type\" content=\"article\" \/>\n<meta property=\"og:title\" content=\"Wissensbasis - Konsumpf - Forum f\u00fcr kreative Konsumkritik - Culture Jamming, Nachhaltigkeit, Konzernkritik, Adbusting\" \/>\n<meta property=\"og:description\" content=\"\u201eWissensbasis? Was soll das denn bedeuten?\u201c Nun, mit diesem zugegebenerma\u00dfen vielleicht etwas gro\u00dfspurigen Begriff bezeichne ich eine Rubrik im Konsumpf, in der ich \u2013 anders als im aktuellen Teil, dem Blog \u2013 nicht so sehr auf teils anekdotische Einzelmeldungen eingehe. Statt dessen m\u00f6chte ich an dieser Stelle einige besonders wichtige Themen zusammenfassen und vor allem [&hellip;]\" \/>\n<meta property=\"og:url\" content=\"https:\/\/konsumpf.de\/?page_id=2421\" \/>\n<meta property=\"og:site_name\" content=\"Konsumpf - Forum f\u00fcr kreative Konsumkritik - Culture Jamming, Nachhaltigkeit, Konzernkritik, Adbusting\" \/>\n<meta property=\"article:modified_time\" content=\"2011-04-17T08:18:21+00:00\" \/>\n<meta property=\"og:image\" content=\"http:\/\/konsumpf.de\/wp-content\/uploads\/2009\/01\/buecherstapel.jpg\" \/>\n<meta name=\"twitter:card\" content=\"summary_large_image\" \/>\n<meta name=\"twitter:label1\" content=\"Gesch\u00e4tzte Lesezeit\" \/>\n\t<meta name=\"twitter:data1\" content=\"2\u00a0Minuten\" \/>\n<script type=\"application\/ld+json\" class=\"yoast-schema-graph\">{\"@context\":\"https:\/\/schema.org\",\"@graph\":[{\"@type\":\"WebPage\",\"@id\":\"https:\/\/konsumpf.de\/?page_id=2421\",\"url\":\"https:\/\/konsumpf.de\/?page_id=2421\",\"name\":\"Wissensbasis - Konsumpf - Forum f\u00fcr kreative Konsumkritik - Culture Jamming, Nachhaltigkeit, Konzernkritik, Adbusting\",\"isPartOf\":{\"@id\":\"https:\/\/konsumpf.de\/#website\"},\"primaryImageOfPage\":{\"@id\":\"https:\/\/konsumpf.de\/?page_id=2421#primaryimage\"},\"image\":{\"@id\":\"https:\/\/konsumpf.de\/?page_id=2421#primaryimage\"},\"thumbnailUrl\":\"http:\/\/konsumpf.de\/wp-content\/uploads\/2009\/01\/buecherstapel.jpg\",\"datePublished\":\"2009-01-25T13:09:59+00:00\",\"dateModified\":\"2011-04-17T08:18:21+00:00\",\"breadcrumb\":{\"@id\":\"https:\/\/konsumpf.de\/?page_id=2421#breadcrumb\"},\"inLanguage\":\"de\",\"potentialAction\":[{\"@type\":\"ReadAction\",\"target\":[\"https:\/\/konsumpf.de\/?page_id=2421\"]}]},{\"@type\":\"ImageObject\",\"inLanguage\":\"de\",\"@id\":\"https:\/\/konsumpf.de\/?page_id=2421#primaryimage\",\"url\":\"https:\/\/konsumpf.de\/wp-content\/uploads\/2009\/01\/buecherstapel.jpg\",\"contentUrl\":\"https:\/\/konsumpf.de\/wp-content\/uploads\/2009\/01\/buecherstapel.jpg\",\"width\":\"224\",\"height\":\"300\"},{\"@type\":\"BreadcrumbList\",\"@id\":\"https:\/\/konsumpf.de\/?page_id=2421#breadcrumb\",\"itemListElement\":[{\"@type\":\"ListItem\",\"position\":1,\"name\":\"Startseite\",\"item\":\"https:\/\/konsumpf.de\/\"},{\"@type\":\"ListItem\",\"position\":2,\"name\":\"Wissensbasis\"}]},{\"@type\":\"WebSite\",\"@id\":\"https:\/\/konsumpf.de\/#website\",\"url\":\"https:\/\/konsumpf.de\/\",\"name\":\"Konsumpf - Forum f\u00fcr kreative Konsumkritik - Culture Jamming, Nachhaltigkeit, Konzernkritik, Adbusting\",\"description\":\"\",\"potentialAction\":[{\"@type\":\"SearchAction\",\"target\":{\"@type\":\"EntryPoint\",\"urlTemplate\":\"https:\/\/konsumpf.de\/?s={search_term_string}\"},\"query-input\":{\"@type\":\"PropertyValueSpecification\",\"valueRequired\":true,\"valueName\":\"search_term_string\"}}],\"inLanguage\":\"de\"}]}<\/script>\n<!-- \/ Yoast SEO plugin. -->","yoast_head_json":{"title":"Wissensbasis - Konsumpf - Forum f\u00fcr kreative Konsumkritik - Culture Jamming, Nachhaltigkeit, Konzernkritik, Adbusting","robots":{"index":"index","follow":"follow","max-snippet":"max-snippet:-1","max-image-preview":"max-image-preview:large","max-video-preview":"max-video-preview:-1"},"canonical":"https:\/\/konsumpf.de\/?page_id=2421","og_locale":"de_DE","og_type":"article","og_title":"Wissensbasis - Konsumpf - Forum f\u00fcr kreative Konsumkritik - Culture Jamming, Nachhaltigkeit, Konzernkritik, Adbusting","og_description":"\u201eWissensbasis? Was soll das denn bedeuten?\u201c Nun, mit diesem zugegebenerma\u00dfen vielleicht etwas gro\u00dfspurigen Begriff bezeichne ich eine Rubrik im Konsumpf, in der ich \u2013 anders als im aktuellen Teil, dem Blog \u2013 nicht so sehr auf teils anekdotische Einzelmeldungen eingehe. Statt dessen m\u00f6chte ich an dieser Stelle einige besonders wichtige Themen zusammenfassen und vor allem [&hellip;]","og_url":"https:\/\/konsumpf.de\/?page_id=2421","og_site_name":"Konsumpf - Forum f\u00fcr kreative Konsumkritik - Culture Jamming, Nachhaltigkeit, Konzernkritik, Adbusting","article_modified_time":"2011-04-17T08:18:21+00:00","og_image":[{"url":"http:\/\/konsumpf.de\/wp-content\/uploads\/2009\/01\/buecherstapel.jpg","type":"","width":"","height":""}],"twitter_card":"summary_large_image","twitter_misc":{"Gesch\u00e4tzte Lesezeit":"2\u00a0Minuten"},"schema":{"@context":"https:\/\/schema.org","@graph":[{"@type":"WebPage","@id":"https:\/\/konsumpf.de\/?page_id=2421","url":"https:\/\/konsumpf.de\/?page_id=2421","name":"Wissensbasis - Konsumpf - Forum f\u00fcr kreative Konsumkritik - Culture Jamming, Nachhaltigkeit, Konzernkritik, Adbusting","isPartOf":{"@id":"https:\/\/konsumpf.de\/#website"},"primaryImageOfPage":{"@id":"https:\/\/konsumpf.de\/?page_id=2421#primaryimage"},"image":{"@id":"https:\/\/konsumpf.de\/?page_id=2421#primaryimage"},"thumbnailUrl":"http:\/\/konsumpf.de\/wp-content\/uploads\/2009\/01\/buecherstapel.jpg","datePublished":"2009-01-25T13:09:59+00:00","dateModified":"2011-04-17T08:18:21+00:00","breadcrumb":{"@id":"https:\/\/konsumpf.de\/?page_id=2421#breadcrumb"},"inLanguage":"de","potentialAction":[{"@type":"ReadAction","target":["https:\/\/konsumpf.de\/?page_id=2421"]}]},{"@type":"ImageObject","inLanguage":"de","@id":"https:\/\/konsumpf.de\/?page_id=2421#primaryimage","url":"https:\/\/konsumpf.de\/wp-content\/uploads\/2009\/01\/buecherstapel.jpg","contentUrl":"https:\/\/konsumpf.de\/wp-content\/uploads\/2009\/01\/buecherstapel.jpg","width":"224","height":"300"},{"@type":"BreadcrumbList","@id":"https:\/\/konsumpf.de\/?page_id=2421#breadcrumb","itemListElement":[{"@type":"ListItem","position":1,"name":"Startseite","item":"https:\/\/konsumpf.de\/"},{"@type":"ListItem","position":2,"name":"Wissensbasis"}]},{"@type":"WebSite","@id":"https:\/\/konsumpf.de\/#website","url":"https:\/\/konsumpf.de\/","name":"Konsumpf - Forum f\u00fcr kreative Konsumkritik - Culture Jamming, Nachhaltigkeit, Konzernkritik, Adbusting","description":"","potentialAction":[{"@type":"SearchAction","target":{"@type":"EntryPoint","urlTemplate":"https:\/\/konsumpf.de\/?s={search_term_string}"},"query-input":{"@type":"PropertyValueSpecification","valueRequired":true,"valueName":"search_term_string"}}],"inLanguage":"de"}]}},"_links":{"self":[{"href":"https:\/\/konsumpf.de\/index.php?rest_route=\/wp\/v2\/pages\/2421"}],"collection":[{"href":"https:\/\/konsumpf.de\/index.php?rest_route=\/wp\/v2\/pages"}],"about":[{"href":"https:\/\/konsumpf.de\/index.php?rest_route=\/wp\/v2\/types\/page"}],"author":[{"embeddable":true,"href":"https:\/\/konsumpf.de\/index.php?rest_route=\/wp\/v2\/users\/1"}],"replies":[{"embeddable":true,"href":"https:\/\/konsumpf.de\/index.php?rest_route=%2Fwp%2Fv2%2Fcomments&post=2421"}],"version-history":[{"count":33,"href":"https:\/\/konsumpf.de\/index.php?rest_route=\/wp\/v2\/pages\/2421\/revisions"}],"predecessor-version":[{"id":2481,"href":"https:\/\/konsumpf.de\/index.php?rest_route=\/wp\/v2\/pages\/2421\/revisions\/2481"}],"wp:attachment":[{"href":"https:\/\/konsumpf.de\/index.php?rest_route=%2Fwp%2Fv2%2Fmedia&parent=2421"}],"curies":[{"name":"wp","href":"https:\/\/api.w.org\/{rel}","templated":true}]}}