{"id":2279,"date":"2009-01-19T20:41:08","date_gmt":"2009-01-19T19:41:08","guid":{"rendered":"http:\/\/konsumpf.de\/?page_id=2279"},"modified":"2019-09-23T16:56:17","modified_gmt":"2019-09-23T14:56:17","slug":"%c2%a7%c2%a7%c2%a7","status":"publish","type":"page","link":"https:\/\/konsumpf.de\/?page_id=2279","title":{"rendered":"Impressum"},"content":{"rendered":"<p><strong>Impressum:<\/strong><\/p>\n<p>Angaben gem\u00e4\u00df \u00a7 5 TMG:<\/p>\n<p>Marvvitz, Peter<br \/>\nHoltenauer Str. 155<br \/>\n24118 Kiel<br \/>\nTel. O431 \/ 89 5O 331<br \/>\nE-Mail: <script>\n document.write(\"<n uers='znvygb:cwbge@xbafhzcs.qr'>cwbge@xbafhzcs.qr<\/n>\".replace(\/[a-zA-Z]\/g, function(c){return String.fromCharCode((c<=\"Z\"?90:122)>=(c=c.charCodeAt(0)+13)?c:c-26);}));\n <\/script><\/p>\n<p><a href=\"http:\/\/konsumpf.de\/wp-content\/uploads\/2008\/12\/cc-80x15.png\"><img loading=\"lazy\" decoding=\"async\" class=\"alignright size-full wp-image-1448\" title=\"cc-80x15\" src=\"http:\/\/konsumpf.de\/wp-content\/uploads\/2008\/12\/cc-80x15.png\" alt=\"\" width=\"80\" height=\"15\" \/><\/a>Verantwortlich f\u00fcr den Inhalt nach \u00a7 55 Abs. 2 RStV: Marvvitz, Peter<\/p>\n<p><strong>Copyright-Hinweis:<\/strong> Alle meine Artikel sind in <a href=\"http:\/\/creativecommons.org\/licenses\/by-nc-nd\/3.0\/\" target=\"_blank\" rel=\"noopener\">Creative Commons-License<\/a> ver\u00f6ffentlicht, d.h. Ihr d\u00fcrft sie unver\u00e4ndert in Euren eigenen Blogs oder Magazinen verwenden, sofern Ihr einen Hinweis auf mich als Autoren bzw. eine direkte Verlinkung zum entsprechenden Beitrag ber\u00fccksichtigt und sofern die Artikel nicht ohne Eigenleistungen zum Geldverdienen eingesetzt werden. Vor einem kommerziellen Einsatz ist unbedingt R\u00fccksprache mit mir zu halten \u2013 danke!<\/p>\n<p>Die auf meiner Website verwendetet Fotos\/Bilder stammen u.a. von <a href=\"http:\/\/www.sxc.hu\/\">Stock.xchng<\/a>.<\/p>\n<p><strong>Haftungsausschluss<\/strong><br \/>\n<span style=\"font-family: arial,tahoma,verdana; font-size: xx-small;\"><strong><span style=\"font-size: x-small;\">1. Inhalt des Onlineangebotes<\/span><\/strong><br \/>\nDer Autor \u00fcbernimmt keinerlei Gew\u00e4hr f\u00fcr die Aktualit\u00e4t, Korrektheit, Vollst\u00e4ndigkeit oder Qualit\u00e4t der bereitgestellten Informationen. Haftungsanspr\u00fcche gegen den Autor, welche sich auf Sch\u00e4den materieller oder ideeller Art beziehen, die durch die Nutzung oder Nichtnutzung der dargebotenen Informationen bzw. durch die Nutzung fehlerhafter und unvollst\u00e4ndiger Informationen verursacht wurden, sind grunds\u00e4tzlich ausgeschlossen, sofern seitens des Autors kein nachweislich vors\u00e4tzliches oder grob fahrl\u00e4ssiges Verschulden vorliegt.<br \/>\nAlle Angebote sind freibleibend und unverbindlich. Der Autor beh\u00e4lt es sich ausdr\u00fccklich vor, Teile der Seiten oder das gesamte Angebot ohne gesonderte Ank\u00fcndigung zu ver\u00e4ndern, zu erg\u00e4nzen, zu l\u00f6schen oder die Ver\u00f6ffentlichung zeitweise oder endg\u00fcltig einzustellen. <\/span><\/p>\n<p><span style=\"font-family: arial,tahoma,verdana; font-size: xx-small;\"><strong><span style=\"font-size: x-small;\">2. Verweise und Links<\/span><\/strong><br \/>\nBei direkten oder indirekten Verweisen auf fremde Webseiten (&#8220;Hyperlinks&#8221;), die au\u00dferhalb des Verantwortungsbereiches des Autors liegen, w\u00fcrde eine Haftungsverpflichtung ausschlie\u00dflich in dem Fall in Kraft treten, in dem der Autor von den Inhalten Kenntnis hat und es ihm technisch m\u00f6glich und zumutbar w\u00e4re, die Nutzung im Falle rechtswidriger Inhalte zu verhindern.<br \/>\nDer Autor erkl\u00e4rt hiermit ausdr\u00fccklich, dass zum Zeitpunkt der Linksetzung keine illegalen Inhalte auf den zu verlinkenden Seiten erkennbar waren. Auf die aktuelle und zuk\u00fcnftige Gestaltung, die Inhalte oder die Urheberschaft der verlinkten\/verkn\u00fcpften Seiten hat der Autor keinerlei Einfluss. Deshalb distanziert er sich hiermit ausdr\u00fccklich von allen Inhalten aller verlinkten \/verkn\u00fcpften Seiten, die nach der Linksetzung ver\u00e4ndert wurden. Diese Feststellung gilt f\u00fcr alle innerhalb des eigenen Internetangebotes gesetzten Links und Verweise sowie f\u00fcr Fremdeintr\u00e4ge in vom Autor eingerichteten G\u00e4steb\u00fcchern, Diskussionsforen, Linkverzeichnissen, Mailinglisten und in allen anderen Formen von Datenbanken, auf deren Inhalt externe Schreibzugriffe m\u00f6glich sind. F\u00fcr illegale, fehlerhafte oder unvollst\u00e4ndige Inhalte und insbesondere f\u00fcr Sch\u00e4den, die aus der Nutzung oder Nichtnutzung solcherart dargebotener Informationen entstehen, haftet allein der Anbieter der Seite, auf welche verwiesen wurde, nicht derjenige, der \u00fcber Links auf die jeweilige Ver\u00f6ffentlichung lediglich verweist. <\/span><\/p>\n<p><span style=\"font-family: arial,tahoma,verdana; font-size: xx-small;\"><strong><span style=\"font-size: x-small;\">3. Urheber- und Kennzeichenrecht<\/span><\/strong><br \/>\nDer Autor ist bestrebt, in allen Publikationen die Urheberrechte der verwendeten Bilder, Grafiken, Tondokumente, Videosequenzen und Texte zu beachten, von ihm selbst erstellte Bilder, Grafiken, Tondokumente, Videosequenzen und Texte zu nutzen oder auf lizenzfreie Grafiken, Tondokumente, Videosequenzen und Texte zur\u00fcckzugreifen.<br \/>\nAlle innerhalb des Internetangebotes genannten und ggf. durch Dritte gesch\u00fctzten Marken- und Warenzeichen unterliegen uneingeschr\u00e4nkt den Bestimmungen des jeweils g\u00fcltigen Kennzeichenrechts und den Besitzrechten der jeweiligen eingetragenen Eigent\u00fcmer. Allein aufgrund der blo\u00dfen Nennung ist nicht der Schluss zu ziehen, dass Markenzeichen nicht durch Rechte Dritter gesch\u00fctzt sind!<br \/>\nDas Copyright f\u00fcr ver\u00f6ffentlichte, vom Autor selbst erstellte Objekte bleibt allein beim Autor der Seiten. Eine Vervielf\u00e4ltigung oder Verwendung solcher Grafiken, Tondokumente, Videosequenzen und Texte in anderen elektronischen oder gedruckten Publikationen ist ohne ausdr\u00fcckliche Zustimmung des Autors nicht gestattet. <\/span><\/p>\n<p><span style=\"font-family: arial,tahoma,verdana; font-size: xx-small;\"><strong><span style=\"font-size: x-small;\">4. Datenschutz<\/span><\/strong><br \/>\nSofern innerhalb des Internetangebotes die M\u00f6glichkeit zur Eingabe pers\u00f6nlicher oder gesch\u00e4ftlicher Daten (Emailadressen, Namen, Anschriften) besteht, so erfolgt die Preisgabe dieser Daten seitens des Nutzers auf ausdr\u00fccklich freiwilliger Basis. Die Inanspruchnahme und Bezahlung aller angebotenen Dienste ist &#8211; soweit technisch m\u00f6glich und zumutbar &#8211; auch ohne Angabe solcher Daten bzw. unter Angabe anonymisierter Daten oder eines Pseudonyms gestattet. Die Nutzung der im Rahmen des Impressums oder vergleichbarer Angaben ver\u00f6ffentlichten Kontaktdaten wie Postanschriften, Telefon- und Faxnummern sowie Emailadressen durch Dritte zur \u00dcbersendung von nicht ausdr\u00fccklich angeforderten Informationen ist nicht gestattet. Rechtliche Schritte gegen die Versender von sogenannten Spam-Mails bei Verst\u00f6ssen gegen dieses Verbot sind ausdr\u00fccklich vorbehalten. <\/span><\/p>\n<p><span style=\"font-family: arial,tahoma,verdana; font-size: xx-small;\"><strong><span style=\"font-size: x-small;\">5. Rechtswirksamkeit dieses Haftungsausschlusses<\/span><\/strong><br \/>\nDieser Haftungsausschluss ist als Teil des Internetangebotes zu betrachten, von dem aus auf diese Seite verwiesen wurde. Sofern Teile oder einzelne Formulierungen dieses Textes der geltenden Rechtslage nicht, nicht mehr oder nicht vollst\u00e4ndig entsprechen sollten, bleiben die \u00fcbrigen Teile des Dokumentes in ihrem Inhalt und ihrer G\u00fcltigkeit davon unber\u00fchrt. <\/span><\/p>\n<p>&nbsp;<\/p>\n<h3 class='related_post_title'>Verwandte Beitr\u00e4ge:<\/h3><ul class='related_post'><li>Keine verwandten Beitr\u00e4ge<\/li><\/ul>","protected":false},"excerpt":{"rendered":"<p>Impressum: Angaben gem\u00e4\u00df \u00a7 5 TMG: Marvvitz, Peter Holtenauer Str. 155 24118 Kiel Tel. O431 \/ 89 5O 331 E-Mail: Verantwortlich f\u00fcr den Inhalt nach \u00a7 55 Abs. 2 RStV: Marvvitz, Peter Copyright-Hinweis: Alle meine Artikel sind in Creative Commons-License ver\u00f6ffentlicht, d.h. Ihr d\u00fcrft sie unver\u00e4ndert in Euren eigenen Blogs oder Magazinen verwenden, sofern Ihr [&hellip;]<\/p>\n","protected":false},"author":1,"featured_media":0,"parent":0,"menu_order":0,"comment_status":"closed","ping_status":"closed","template":"","meta":{"footnotes":""},"yoast_head":"<!-- This site is optimized with the Yoast SEO plugin v24.4 - https:\/\/yoast.com\/wordpress\/plugins\/seo\/ -->\n<title>Impressum - Konsumpf - Forum f\u00fcr kreative Konsumkritik - Culture Jamming, Nachhaltigkeit, Konzernkritik, Adbusting<\/title>\n<meta name=\"robots\" content=\"noindex, nofollow\" \/>\n<meta property=\"og:locale\" content=\"de_DE\" \/>\n<meta property=\"og:type\" content=\"article\" \/>\n<meta property=\"og:title\" content=\"Impressum - Konsumpf - Forum f\u00fcr kreative Konsumkritik - Culture Jamming, Nachhaltigkeit, Konzernkritik, Adbusting\" \/>\n<meta property=\"og:description\" content=\"Impressum: Angaben gem\u00e4\u00df \u00a7 5 TMG: Marvvitz, Peter Holtenauer Str. 155 24118 Kiel Tel. O431 \/ 89 5O 331 E-Mail: Verantwortlich f\u00fcr den Inhalt nach \u00a7 55 Abs. 2 RStV: Marvvitz, Peter Copyright-Hinweis: Alle meine Artikel sind in Creative Commons-License ver\u00f6ffentlicht, d.h. Ihr d\u00fcrft sie unver\u00e4ndert in Euren eigenen Blogs oder Magazinen verwenden, sofern Ihr [&hellip;]\" \/>\n<meta property=\"og:url\" content=\"https:\/\/konsumpf.de\/?page_id=2279\" \/>\n<meta property=\"og:site_name\" content=\"Konsumpf - Forum f\u00fcr kreative Konsumkritik - Culture Jamming, Nachhaltigkeit, Konzernkritik, Adbusting\" \/>\n<meta property=\"article:modified_time\" content=\"2019-09-23T14:56:17+00:00\" \/>\n<meta property=\"og:image\" content=\"http:\/\/konsumpf.de\/wp-content\/uploads\/2008\/12\/cc-80x15.png\" \/>\n<meta name=\"twitter:card\" content=\"summary_large_image\" \/>\n<meta name=\"twitter:label1\" content=\"Gesch\u00e4tzte Lesezeit\" \/>\n\t<meta name=\"twitter:data1\" content=\"4\u00a0Minuten\" \/>\n<script type=\"application\/ld+json\" class=\"yoast-schema-graph\">{\"@context\":\"https:\/\/schema.org\",\"@graph\":[{\"@type\":\"WebPage\",\"@id\":\"https:\/\/konsumpf.de\/?page_id=2279\",\"url\":\"https:\/\/konsumpf.de\/?page_id=2279\",\"name\":\"Impressum - Konsumpf - Forum f\u00fcr kreative Konsumkritik - Culture Jamming, Nachhaltigkeit, Konzernkritik, Adbusting\",\"isPartOf\":{\"@id\":\"https:\/\/konsumpf.de\/#website\"},\"primaryImageOfPage\":{\"@id\":\"https:\/\/konsumpf.de\/?page_id=2279#primaryimage\"},\"image\":{\"@id\":\"https:\/\/konsumpf.de\/?page_id=2279#primaryimage\"},\"thumbnailUrl\":\"http:\/\/konsumpf.de\/wp-content\/uploads\/2008\/12\/cc-80x15.png\",\"datePublished\":\"2009-01-19T19:41:08+00:00\",\"dateModified\":\"2019-09-23T14:56:17+00:00\",\"breadcrumb\":{\"@id\":\"https:\/\/konsumpf.de\/?page_id=2279#breadcrumb\"},\"inLanguage\":\"de\",\"potentialAction\":[{\"@type\":\"ReadAction\",\"target\":[\"https:\/\/konsumpf.de\/?page_id=2279\"]}]},{\"@type\":\"ImageObject\",\"inLanguage\":\"de\",\"@id\":\"https:\/\/konsumpf.de\/?page_id=2279#primaryimage\",\"url\":\"https:\/\/konsumpf.de\/wp-content\/uploads\/2008\/12\/cc-80x15.png\",\"contentUrl\":\"https:\/\/konsumpf.de\/wp-content\/uploads\/2008\/12\/cc-80x15.png\"},{\"@type\":\"BreadcrumbList\",\"@id\":\"https:\/\/konsumpf.de\/?page_id=2279#breadcrumb\",\"itemListElement\":[{\"@type\":\"ListItem\",\"position\":1,\"name\":\"Startseite\",\"item\":\"https:\/\/konsumpf.de\/\"},{\"@type\":\"ListItem\",\"position\":2,\"name\":\"Impressum\"}]},{\"@type\":\"WebSite\",\"@id\":\"https:\/\/konsumpf.de\/#website\",\"url\":\"https:\/\/konsumpf.de\/\",\"name\":\"Konsumpf - Forum f\u00fcr kreative Konsumkritik - Culture Jamming, Nachhaltigkeit, Konzernkritik, Adbusting\",\"description\":\"\",\"potentialAction\":[{\"@type\":\"SearchAction\",\"target\":{\"@type\":\"EntryPoint\",\"urlTemplate\":\"https:\/\/konsumpf.de\/?s={search_term_string}\"},\"query-input\":{\"@type\":\"PropertyValueSpecification\",\"valueRequired\":true,\"valueName\":\"search_term_string\"}}],\"inLanguage\":\"de\"}]}<\/script>\n<!-- \/ Yoast SEO plugin. -->","yoast_head_json":{"title":"Impressum - Konsumpf - Forum f\u00fcr kreative Konsumkritik - Culture Jamming, Nachhaltigkeit, Konzernkritik, Adbusting","robots":{"index":"noindex","follow":"nofollow"},"og_locale":"de_DE","og_type":"article","og_title":"Impressum - Konsumpf - Forum f\u00fcr kreative Konsumkritik - Culture Jamming, Nachhaltigkeit, Konzernkritik, Adbusting","og_description":"Impressum: Angaben gem\u00e4\u00df \u00a7 5 TMG: Marvvitz, Peter Holtenauer Str. 155 24118 Kiel Tel. O431 \/ 89 5O 331 E-Mail: Verantwortlich f\u00fcr den Inhalt nach \u00a7 55 Abs. 2 RStV: Marvvitz, Peter Copyright-Hinweis: Alle meine Artikel sind in Creative Commons-License ver\u00f6ffentlicht, d.h. Ihr d\u00fcrft sie unver\u00e4ndert in Euren eigenen Blogs oder Magazinen verwenden, sofern Ihr [&hellip;]","og_url":"https:\/\/konsumpf.de\/?page_id=2279","og_site_name":"Konsumpf - Forum f\u00fcr kreative Konsumkritik - Culture Jamming, Nachhaltigkeit, Konzernkritik, Adbusting","article_modified_time":"2019-09-23T14:56:17+00:00","og_image":[{"url":"http:\/\/konsumpf.de\/wp-content\/uploads\/2008\/12\/cc-80x15.png","type":"","width":"","height":""}],"twitter_card":"summary_large_image","twitter_misc":{"Gesch\u00e4tzte Lesezeit":"4\u00a0Minuten"},"schema":{"@context":"https:\/\/schema.org","@graph":[{"@type":"WebPage","@id":"https:\/\/konsumpf.de\/?page_id=2279","url":"https:\/\/konsumpf.de\/?page_id=2279","name":"Impressum - Konsumpf - Forum f\u00fcr kreative Konsumkritik - Culture Jamming, Nachhaltigkeit, Konzernkritik, Adbusting","isPartOf":{"@id":"https:\/\/konsumpf.de\/#website"},"primaryImageOfPage":{"@id":"https:\/\/konsumpf.de\/?page_id=2279#primaryimage"},"image":{"@id":"https:\/\/konsumpf.de\/?page_id=2279#primaryimage"},"thumbnailUrl":"http:\/\/konsumpf.de\/wp-content\/uploads\/2008\/12\/cc-80x15.png","datePublished":"2009-01-19T19:41:08+00:00","dateModified":"2019-09-23T14:56:17+00:00","breadcrumb":{"@id":"https:\/\/konsumpf.de\/?page_id=2279#breadcrumb"},"inLanguage":"de","potentialAction":[{"@type":"ReadAction","target":["https:\/\/konsumpf.de\/?page_id=2279"]}]},{"@type":"ImageObject","inLanguage":"de","@id":"https:\/\/konsumpf.de\/?page_id=2279#primaryimage","url":"https:\/\/konsumpf.de\/wp-content\/uploads\/2008\/12\/cc-80x15.png","contentUrl":"https:\/\/konsumpf.de\/wp-content\/uploads\/2008\/12\/cc-80x15.png"},{"@type":"BreadcrumbList","@id":"https:\/\/konsumpf.de\/?page_id=2279#breadcrumb","itemListElement":[{"@type":"ListItem","position":1,"name":"Startseite","item":"https:\/\/konsumpf.de\/"},{"@type":"ListItem","position":2,"name":"Impressum"}]},{"@type":"WebSite","@id":"https:\/\/konsumpf.de\/#website","url":"https:\/\/konsumpf.de\/","name":"Konsumpf - Forum f\u00fcr kreative Konsumkritik - Culture Jamming, Nachhaltigkeit, Konzernkritik, Adbusting","description":"","potentialAction":[{"@type":"SearchAction","target":{"@type":"EntryPoint","urlTemplate":"https:\/\/konsumpf.de\/?s={search_term_string}"},"query-input":{"@type":"PropertyValueSpecification","valueRequired":true,"valueName":"search_term_string"}}],"inLanguage":"de"}]}},"_links":{"self":[{"href":"https:\/\/konsumpf.de\/index.php?rest_route=\/wp\/v2\/pages\/2279"}],"collection":[{"href":"https:\/\/konsumpf.de\/index.php?rest_route=\/wp\/v2\/pages"}],"about":[{"href":"https:\/\/konsumpf.de\/index.php?rest_route=\/wp\/v2\/types\/page"}],"author":[{"embeddable":true,"href":"https:\/\/konsumpf.de\/index.php?rest_route=\/wp\/v2\/users\/1"}],"replies":[{"embeddable":true,"href":"https:\/\/konsumpf.de\/index.php?rest_route=%2Fwp%2Fv2%2Fcomments&post=2279"}],"version-history":[{"count":43,"href":"https:\/\/konsumpf.de\/index.php?rest_route=\/wp\/v2\/pages\/2279\/revisions"}],"predecessor-version":[{"id":15524,"href":"https:\/\/konsumpf.de\/index.php?rest_route=\/wp\/v2\/pages\/2279\/revisions\/15524"}],"wp:attachment":[{"href":"https:\/\/konsumpf.de\/index.php?rest_route=%2Fwp%2Fv2%2Fmedia&parent=2279"}],"curies":[{"name":"wp","href":"https:\/\/api.w.org\/{rel}","templated":true}]}}