{"id":11465,"date":"2011-04-16T13:00:13","date_gmt":"2011-04-16T11:00:13","guid":{"rendered":"http:\/\/konsumpf.de\/?page_id=11465"},"modified":"2024-06-09T08:52:51","modified_gmt":"2024-06-09T06:52:51","slug":"gesundheitssystem-pharmaindustrie","status":"publish","type":"page","link":"https:\/\/konsumpf.de\/?page_id=11465","title":{"rendered":"Gesundheitssystem \/ Pharmaindustrie"},"content":{"rendered":"<p><img loading=\"lazy\" decoding=\"async\" class=\"alignright size-thumbnail wp-image-11473\" title=\"pills\" src=\"http:\/\/konsumpf.de\/wp-content\/uploads\/2011\/04\/pills-250x166.jpg\" alt=\"\" width=\"229\" height=\"152\" srcset=\"https:\/\/konsumpf.de\/wp-content\/uploads\/2011\/04\/pills-250x166.jpg 250w, https:\/\/konsumpf.de\/wp-content\/uploads\/2011\/04\/pills.jpg 300w\" sizes=\"(max-width: 229px) 100vw, 229px\" \/>Die Pharmaindustrie ist weltweit eine der m\u00e4chtigsten Branchen \u00fcberhaupt, nahezu krisensicher, und nimmt deshalb mit intensiver Lobbyarbeit und viel Marketingget\u00f6se Einfluss auf politische Entscheidungen, auf \u00c4rzte und B\u00fcrger (welche ja potentielle Patienten sind). Dies f\u00fchrt zu vielen bedenklichen Entwicklungen, bei denen am Ende in der Regel der Einzelne die Zeche zahlt. An dieser Stelle m\u00f6chte ich einige Beitr\u00e4ge versammeln, die sich mit dem ganzen Themenkomplex n\u00e4her (und kritisch) auseinandersetzen.<\/p>\n<ul>\n<li>\u201e<a href=\"http:\/\/www.spiegel.de\/spiegel\/0,1518,260671,00.html\">Die Abschaffung der Gesundheit<\/a>\u201c (Der Spiegel, 2003)<\/li>\n<li>\u201e<a href=\"http:\/\/www.jungewelt.de\/2011\/03-28\/017.php\">Privatisierung als Ziel<\/a>\u201c (junge Welt, 2011)<\/li>\n<li>\u201e<a href=\"http:\/\/www.spiegelfechter.com\/wordpress\/5438\/15-rendite-auf-kosten-der-patienten-%E2%80%93-ein-irrweg-der-privatisierung\">15% Rendite auf Kosten der Patienten \u2013 ein Irrweg der Privatisierung<\/a>\u201c (Der Spiegelfechter, April 2011)<\/li>\n<li>\u201e<a href=\"http:\/\/www.br-online.de\/das-erste\/report-muenchen\/report-muenchen-gesundheitssystem-ID1278567498335.xml\">Wie aus Gesunden lukrative Patienten gemacht werden<\/a>\u201c (Bayern 3, 2010; <a href=\"http:\/\/www.youtube.com\/watch?v=wFUspt0U2x8&amp;feature=player_embedded\">Video bei YouTube<\/a>)<\/li>\n<li>\u201e<a href=\"http:\/\/www.taz.de\/1\/politik\/deutschland\/artikel\/1\/die-invasion-der-nutzlos-pillen\/\">Die Invasion der Nutzlos-Pillen<\/a>\u201c (taz, 2010)<\/li>\n<li>\u201e<a href=\"http:\/\/video.google.com\/videoplay?docid=112778823151951450#\">Das Pharma-Kartell \u2013 wie wir Patienten betrogen werden<\/a>\u201c (Frontal 21, 2008)<\/li>\n<\/ul>\n<h3 class='related_post_title'>Verwandte Beitr\u00e4ge:<\/h3><ul class='related_post'><li>Keine verwandten Beitr\u00e4ge<\/li><\/ul>","protected":false},"excerpt":{"rendered":"<p>Die Pharmaindustrie ist weltweit eine der m\u00e4chtigsten Branchen \u00fcberhaupt, nahezu krisensicher, und nimmt deshalb mit intensiver Lobbyarbeit und viel Marketingget\u00f6se Einfluss auf politische Entscheidungen, auf \u00c4rzte und B\u00fcrger (welche ja potentielle Patienten sind). Dies f\u00fchrt zu vielen bedenklichen Entwicklungen, bei denen am Ende in der Regel der Einzelne die Zeche zahlt. An dieser Stelle m\u00f6chte [&hellip;]<\/p>\n","protected":false},"author":1,"featured_media":0,"parent":2421,"menu_order":0,"comment_status":"closed","ping_status":"open","template":"","meta":{"footnotes":""},"yoast_head":"<!-- This site is optimized with the Yoast SEO plugin v24.4 - https:\/\/yoast.com\/wordpress\/plugins\/seo\/ -->\n<title>Gesundheitssystem \/ Pharmaindustrie - Konsumpf - Forum f\u00fcr kreative Konsumkritik - Culture Jamming, Nachhaltigkeit, Konzernkritik, Adbusting<\/title>\n<meta name=\"robots\" content=\"index, follow, max-snippet:-1, max-image-preview:large, max-video-preview:-1\" \/>\n<link rel=\"canonical\" href=\"https:\/\/konsumpf.de\/?page_id=11465\" \/>\n<meta property=\"og:locale\" content=\"de_DE\" \/>\n<meta property=\"og:type\" content=\"article\" \/>\n<meta property=\"og:title\" content=\"Gesundheitssystem \/ Pharmaindustrie - Konsumpf - Forum f\u00fcr kreative Konsumkritik - Culture Jamming, Nachhaltigkeit, Konzernkritik, Adbusting\" \/>\n<meta property=\"og:description\" content=\"Die Pharmaindustrie ist weltweit eine der m\u00e4chtigsten Branchen \u00fcberhaupt, nahezu krisensicher, und nimmt deshalb mit intensiver Lobbyarbeit und viel Marketingget\u00f6se Einfluss auf politische Entscheidungen, auf \u00c4rzte und B\u00fcrger (welche ja potentielle Patienten sind). Dies f\u00fchrt zu vielen bedenklichen Entwicklungen, bei denen am Ende in der Regel der Einzelne die Zeche zahlt. An dieser Stelle m\u00f6chte [&hellip;]\" \/>\n<meta property=\"og:url\" content=\"https:\/\/konsumpf.de\/?page_id=11465\" \/>\n<meta property=\"og:site_name\" content=\"Konsumpf - Forum f\u00fcr kreative Konsumkritik - Culture Jamming, Nachhaltigkeit, Konzernkritik, Adbusting\" \/>\n<meta property=\"article:modified_time\" content=\"2024-06-09T06:52:51+00:00\" \/>\n<meta property=\"og:image\" content=\"http:\/\/konsumpf.de\/wp-content\/uploads\/2011\/04\/pills-250x166.jpg\" \/>\n<meta name=\"twitter:card\" content=\"summary_large_image\" \/>\n<script type=\"application\/ld+json\" class=\"yoast-schema-graph\">{\"@context\":\"https:\/\/schema.org\",\"@graph\":[{\"@type\":\"WebPage\",\"@id\":\"https:\/\/konsumpf.de\/?page_id=11465\",\"url\":\"https:\/\/konsumpf.de\/?page_id=11465\",\"name\":\"Gesundheitssystem \/ Pharmaindustrie - Konsumpf - Forum f\u00fcr kreative Konsumkritik - Culture Jamming, Nachhaltigkeit, Konzernkritik, Adbusting\",\"isPartOf\":{\"@id\":\"https:\/\/konsumpf.de\/#website\"},\"primaryImageOfPage\":{\"@id\":\"https:\/\/konsumpf.de\/?page_id=11465#primaryimage\"},\"image\":{\"@id\":\"https:\/\/konsumpf.de\/?page_id=11465#primaryimage\"},\"thumbnailUrl\":\"http:\/\/konsumpf.de\/wp-content\/uploads\/2011\/04\/pills-250x166.jpg\",\"datePublished\":\"2011-04-16T11:00:13+00:00\",\"dateModified\":\"2024-06-09T06:52:51+00:00\",\"breadcrumb\":{\"@id\":\"https:\/\/konsumpf.de\/?page_id=11465#breadcrumb\"},\"inLanguage\":\"de\",\"potentialAction\":[{\"@type\":\"ReadAction\",\"target\":[\"https:\/\/konsumpf.de\/?page_id=11465\"]}]},{\"@type\":\"ImageObject\",\"inLanguage\":\"de\",\"@id\":\"https:\/\/konsumpf.de\/?page_id=11465#primaryimage\",\"url\":\"https:\/\/konsumpf.de\/wp-content\/uploads\/2011\/04\/pills.jpg\",\"contentUrl\":\"https:\/\/konsumpf.de\/wp-content\/uploads\/2011\/04\/pills.jpg\",\"width\":\"300\",\"height\":\"200\"},{\"@type\":\"BreadcrumbList\",\"@id\":\"https:\/\/konsumpf.de\/?page_id=11465#breadcrumb\",\"itemListElement\":[{\"@type\":\"ListItem\",\"position\":1,\"name\":\"Startseite\",\"item\":\"https:\/\/konsumpf.de\/\"},{\"@type\":\"ListItem\",\"position\":2,\"name\":\"Wissensbasis\",\"item\":\"https:\/\/konsumpf.de\/?page_id=2421\"},{\"@type\":\"ListItem\",\"position\":3,\"name\":\"Gesundheitssystem \/ Pharmaindustrie\"}]},{\"@type\":\"WebSite\",\"@id\":\"https:\/\/konsumpf.de\/#website\",\"url\":\"https:\/\/konsumpf.de\/\",\"name\":\"Konsumpf - Forum f\u00fcr kreative Konsumkritik - Culture Jamming, Nachhaltigkeit, Konzernkritik, Adbusting\",\"description\":\"\",\"potentialAction\":[{\"@type\":\"SearchAction\",\"target\":{\"@type\":\"EntryPoint\",\"urlTemplate\":\"https:\/\/konsumpf.de\/?s={search_term_string}\"},\"query-input\":{\"@type\":\"PropertyValueSpecification\",\"valueRequired\":true,\"valueName\":\"search_term_string\"}}],\"inLanguage\":\"de\"}]}<\/script>\n<!-- \/ Yoast SEO plugin. -->","yoast_head_json":{"title":"Gesundheitssystem \/ Pharmaindustrie - Konsumpf - Forum f\u00fcr kreative Konsumkritik - Culture Jamming, Nachhaltigkeit, Konzernkritik, Adbusting","robots":{"index":"index","follow":"follow","max-snippet":"max-snippet:-1","max-image-preview":"max-image-preview:large","max-video-preview":"max-video-preview:-1"},"canonical":"https:\/\/konsumpf.de\/?page_id=11465","og_locale":"de_DE","og_type":"article","og_title":"Gesundheitssystem \/ Pharmaindustrie - Konsumpf - Forum f\u00fcr kreative Konsumkritik - Culture Jamming, Nachhaltigkeit, Konzernkritik, Adbusting","og_description":"Die Pharmaindustrie ist weltweit eine der m\u00e4chtigsten Branchen \u00fcberhaupt, nahezu krisensicher, und nimmt deshalb mit intensiver Lobbyarbeit und viel Marketingget\u00f6se Einfluss auf politische Entscheidungen, auf \u00c4rzte und B\u00fcrger (welche ja potentielle Patienten sind). Dies f\u00fchrt zu vielen bedenklichen Entwicklungen, bei denen am Ende in der Regel der Einzelne die Zeche zahlt. An dieser Stelle m\u00f6chte [&hellip;]","og_url":"https:\/\/konsumpf.de\/?page_id=11465","og_site_name":"Konsumpf - Forum f\u00fcr kreative Konsumkritik - Culture Jamming, Nachhaltigkeit, Konzernkritik, Adbusting","article_modified_time":"2024-06-09T06:52:51+00:00","og_image":[{"url":"http:\/\/konsumpf.de\/wp-content\/uploads\/2011\/04\/pills-250x166.jpg","type":"","width":"","height":""}],"twitter_card":"summary_large_image","schema":{"@context":"https:\/\/schema.org","@graph":[{"@type":"WebPage","@id":"https:\/\/konsumpf.de\/?page_id=11465","url":"https:\/\/konsumpf.de\/?page_id=11465","name":"Gesundheitssystem \/ Pharmaindustrie - Konsumpf - Forum f\u00fcr kreative Konsumkritik - Culture Jamming, Nachhaltigkeit, Konzernkritik, Adbusting","isPartOf":{"@id":"https:\/\/konsumpf.de\/#website"},"primaryImageOfPage":{"@id":"https:\/\/konsumpf.de\/?page_id=11465#primaryimage"},"image":{"@id":"https:\/\/konsumpf.de\/?page_id=11465#primaryimage"},"thumbnailUrl":"http:\/\/konsumpf.de\/wp-content\/uploads\/2011\/04\/pills-250x166.jpg","datePublished":"2011-04-16T11:00:13+00:00","dateModified":"2024-06-09T06:52:51+00:00","breadcrumb":{"@id":"https:\/\/konsumpf.de\/?page_id=11465#breadcrumb"},"inLanguage":"de","potentialAction":[{"@type":"ReadAction","target":["https:\/\/konsumpf.de\/?page_id=11465"]}]},{"@type":"ImageObject","inLanguage":"de","@id":"https:\/\/konsumpf.de\/?page_id=11465#primaryimage","url":"https:\/\/konsumpf.de\/wp-content\/uploads\/2011\/04\/pills.jpg","contentUrl":"https:\/\/konsumpf.de\/wp-content\/uploads\/2011\/04\/pills.jpg","width":"300","height":"200"},{"@type":"BreadcrumbList","@id":"https:\/\/konsumpf.de\/?page_id=11465#breadcrumb","itemListElement":[{"@type":"ListItem","position":1,"name":"Startseite","item":"https:\/\/konsumpf.de\/"},{"@type":"ListItem","position":2,"name":"Wissensbasis","item":"https:\/\/konsumpf.de\/?page_id=2421"},{"@type":"ListItem","position":3,"name":"Gesundheitssystem \/ Pharmaindustrie"}]},{"@type":"WebSite","@id":"https:\/\/konsumpf.de\/#website","url":"https:\/\/konsumpf.de\/","name":"Konsumpf - Forum f\u00fcr kreative Konsumkritik - Culture Jamming, Nachhaltigkeit, Konzernkritik, Adbusting","description":"","potentialAction":[{"@type":"SearchAction","target":{"@type":"EntryPoint","urlTemplate":"https:\/\/konsumpf.de\/?s={search_term_string}"},"query-input":{"@type":"PropertyValueSpecification","valueRequired":true,"valueName":"search_term_string"}}],"inLanguage":"de"}]}},"_links":{"self":[{"href":"https:\/\/konsumpf.de\/index.php?rest_route=\/wp\/v2\/pages\/11465"}],"collection":[{"href":"https:\/\/konsumpf.de\/index.php?rest_route=\/wp\/v2\/pages"}],"about":[{"href":"https:\/\/konsumpf.de\/index.php?rest_route=\/wp\/v2\/types\/page"}],"author":[{"embeddable":true,"href":"https:\/\/konsumpf.de\/index.php?rest_route=\/wp\/v2\/users\/1"}],"replies":[{"embeddable":true,"href":"https:\/\/konsumpf.de\/index.php?rest_route=%2Fwp%2Fv2%2Fcomments&post=11465"}],"version-history":[{"count":15,"href":"https:\/\/konsumpf.de\/index.php?rest_route=\/wp\/v2\/pages\/11465\/revisions"}],"predecessor-version":[{"id":11516,"href":"https:\/\/konsumpf.de\/index.php?rest_route=\/wp\/v2\/pages\/11465\/revisions\/11516"}],"up":[{"embeddable":true,"href":"https:\/\/konsumpf.de\/index.php?rest_route=\/wp\/v2\/pages\/2421"}],"wp:attachment":[{"href":"https:\/\/konsumpf.de\/index.php?rest_route=%2Fwp%2Fv2%2Fmedia&parent=11465"}],"curies":[{"name":"wp","href":"https:\/\/api.w.org\/{rel}","templated":true}]}}